{"id":392,"date":"2026-05-13T07:34:33","date_gmt":"2026-05-13T07:34:33","guid":{"rendered":"https:\/\/www.jjkompiuteriai.lt\/?post_type=product&#038;p=392"},"modified":"2026-05-13T07:34:33","modified_gmt":"2026-05-13T07:34:33","slug":"hp-probook-430-g6-i5-8gb-256ssd","status":"publish","type":"product","link":"https:\/\/www.jjkompiuteriai.lt\/en\/product\/hp-probook-430-g6-i5-8gb-256ssd\/","title":{"rendered":"HP ProBook 430 G6 i5 8GB 256GB SSD"},"content":{"rendered":"<p>HP ProBook 430 G6 ne\u0161iojamas kompiuteris darbui, mokslams ir kasdieniam naudojimui.<\/p>\n<p>Specifikacijos:<br \/>\n\u2022 Intel Core i5<br \/>\n\u2022 8GB RAM<br \/>\n\u2022 256GB SSD<\/p>\n<p>Puikiai tinka:<br \/>\n\u2022 Nar\u0161ymui internete<br \/>\n\u2022 Office programoms<br \/>\n\u2022 Nuotoliniam darbui<br \/>\n\u2022 Filmams ir mokslams<\/p>\n<p>Kompiuteris pilnai veikiantis, tvarkingas ir paruo\u0161tas naudojimui.<br \/>\nTuri smulki\u0173 naudojimo \u017eymi\u0173.<\/p>","protected":false},"excerpt":{"rendered":"<p>HP ProBook 430 G6 ne\u0161iojamas kompiuteris darbui, mokslams ir kasdieniam naudojimui. Specifikacijos: \u2022 Intel Core i5 \u2022 8GB RAM \u2022 256GB SSD Puikiai tinka: \u2022 Nar\u0161ymui internete \u2022 Office programoms \u2022 Nuotoliniam darbui \u2022 Filmams ir mokslams Kompiuteris pilnai veikiantis, tvarkingas ir paruo\u0161tas naudojimui. Turi smulki\u0173 naudojimo \u017eymi\u0173.<\/p>","protected":false},"featured_media":393,"template":"","meta":[],"product_brand":[45],"product_cat":[22],"product_tag":[],"class_list":{"0":"post-392","1":"product","2":"type-product","3":"status-publish","4":"has-post-thumbnail","6":"product_brand-hp","7":"product_cat-darbo-kompiuteriai","9":"first","10":"instock","11":"shipping-taxable","12":"purchasable","13":"product-type-simple"},"_links":{"self":[{"href":"https:\/\/www.jjkompiuteriai.lt\/en\/wp-json\/wp\/v2\/product\/392","targetHints":{"allow":["GET"]}}],"collection":[{"href":"https:\/\/www.jjkompiuteriai.lt\/en\/wp-json\/wp\/v2\/product"}],"about":[{"href":"https:\/\/www.jjkompiuteriai.lt\/en\/wp-json\/wp\/v2\/types\/product"}],"wp:featuredmedia":[{"embeddable":true,"href":"https:\/\/www.jjkompiuteriai.lt\/en\/wp-json\/wp\/v2\/media\/393"}],"wp:attachment":[{"href":"https:\/\/www.jjkompiuteriai.lt\/en\/wp-json\/wp\/v2\/media?parent=392"}],"wp:term":[{"taxonomy":"product_brand","embeddable":true,"href":"https:\/\/www.jjkompiuteriai.lt\/en\/wp-json\/wp\/v2\/product_brand?post=392"},{"taxonomy":"product_cat","embeddable":true,"href":"https:\/\/www.jjkompiuteriai.lt\/en\/wp-json\/wp\/v2\/product_cat?post=392"},{"taxonomy":"product_tag","embeddable":true,"href":"https:\/\/www.jjkompiuteriai.lt\/en\/wp-json\/wp\/v2\/product_tag?post=392"}],"curies":[{"name":"wp","href":"https:\/\/api.w.org\/{rel}","templated":true}]}}