{"id":380,"date":"2026-05-13T07:14:16","date_gmt":"2026-05-13T07:14:16","guid":{"rendered":"https:\/\/www.jjkompiuteriai.lt\/?post_type=product&#038;p=380"},"modified":"2026-05-13T07:14:16","modified_gmt":"2026-05-13T07:14:16","slug":"hp-14s-dq2009mw-i3-11gen-8gb-256ssd","status":"publish","type":"product","link":"https:\/\/www.jjkompiuteriai.lt\/en\/product\/hp-14s-dq2009mw-i3-11gen-8gb-256ssd\/","title":{"rendered":"HP 14s-dq2009mw i3 11th Gen 8GB 256GB SSD"},"content":{"rendered":"<p>HP 14s-dq2009mw ne\u0161iojamas kompiuteris kasdieniam naudojimui, darbui ir mokslams.<\/p>\n<p>Specifikacijos:<br \/>\n\u2022 Intel Core i3 11th Gen<br \/>\n\u2022 8GB RAM<br \/>\n\u2022 256GB SSD<\/p>\n<p>Puikiai tinka:<br \/>\n\u2022 Nar\u0161ymui internete<br \/>\n\u2022 Office programoms<br \/>\n\u2022 Nuotoliniam darbui<br \/>\n\u2022 Filmams ir mokslams<\/p>\n<p>Kompiuteris pilnai veikiantis ir paruo\u0161tas naudojimui.<br \/>\nTuri smulki\u0173 naudojimo \u017eymi\u0173 bei nedidel\u012f i\u0161kilim\u0105 ant dugno.<\/p>","protected":false},"excerpt":{"rendered":"<p>HP 14s-dq2009mw ne\u0161iojamas kompiuteris kasdieniam naudojimui, darbui ir mokslams. Specifikacijos: \u2022 Intel Core i3 11th Gen \u2022 8GB RAM \u2022 256GB SSD Puikiai tinka: \u2022 Nar\u0161ymui internete \u2022 Office programoms \u2022 Nuotoliniam darbui \u2022 Filmams ir mokslams Kompiuteris pilnai veikiantis ir paruo\u0161tas naudojimui. Turi smulki\u0173 naudojimo \u017eymi\u0173 bei nedidel\u012f i\u0161kilim\u0105 ant dugno.<\/p>","protected":false},"featured_media":381,"template":"","meta":[],"product_brand":[],"product_cat":[15],"product_tag":[],"class_list":{"0":"post-380","1":"product","2":"type-product","3":"status-publish","4":"has-post-thumbnail","6":"product_cat-kompiuteriu-priedai","8":"first","9":"instock","10":"shipping-taxable","11":"product-type-simple"},"_links":{"self":[{"href":"https:\/\/www.jjkompiuteriai.lt\/en\/wp-json\/wp\/v2\/product\/380","targetHints":{"allow":["GET"]}}],"collection":[{"href":"https:\/\/www.jjkompiuteriai.lt\/en\/wp-json\/wp\/v2\/product"}],"about":[{"href":"https:\/\/www.jjkompiuteriai.lt\/en\/wp-json\/wp\/v2\/types\/product"}],"wp:featuredmedia":[{"embeddable":true,"href":"https:\/\/www.jjkompiuteriai.lt\/en\/wp-json\/wp\/v2\/media\/381"}],"wp:attachment":[{"href":"https:\/\/www.jjkompiuteriai.lt\/en\/wp-json\/wp\/v2\/media?parent=380"}],"wp:term":[{"taxonomy":"product_brand","embeddable":true,"href":"https:\/\/www.jjkompiuteriai.lt\/en\/wp-json\/wp\/v2\/product_brand?post=380"},{"taxonomy":"product_cat","embeddable":true,"href":"https:\/\/www.jjkompiuteriai.lt\/en\/wp-json\/wp\/v2\/product_cat?post=380"},{"taxonomy":"product_tag","embeddable":true,"href":"https:\/\/www.jjkompiuteriai.lt\/en\/wp-json\/wp\/v2\/product_tag?post=380"}],"curies":[{"name":"wp","href":"https:\/\/api.w.org\/{rel}","templated":true}]}}