{"id":231,"date":"2026-05-09T17:13:54","date_gmt":"2026-05-09T17:13:54","guid":{"rendered":"https:\/\/jjkompiuteriai.lt\/?post_type=product&#038;p=231"},"modified":"2026-05-11T12:20:09","modified_gmt":"2026-05-11T12:20:09","slug":"lenovo-ideapad-3-15iil05","status":"publish","type":"product","link":"https:\/\/www.jjkompiuteriai.lt\/en\/product\/lenovo-ideapad-3-15iil05\/","title":{"rendered":"Lenovo IdeaPad 3 15IIL05 i5 8GB 256GB SSD"},"content":{"rendered":"<p><strong>Lenovo IdeaPad 3 15IIL05<\/strong><\/p>\n<p>Specifikacijos<br \/>\nIntel Core i5 10 kartos procesorius<br \/>\n8 GB RAM<br \/>\n256 GB SSD<br \/>\n15.6&#8243; Full HD ekranas<\/p>\n<p>Patikimas ir patogus ne\u0161iojamas kompiuteris darbui, mokslams bei kasdieniam naudojimui. Greitas SSD diskas u\u017etikrina spart\u0173 sistemos veikim\u0105, o didesnis ekranas suteikia daugiau komforto dirbant ar \u017ei\u016brint filmus.<\/p>\n<p>\u2714 Veikiantis tvarkingai<br \/>\n\u2714 Paruo\u0161tas naudojimui<br \/>\n\u2714 \u012era\u0161yta Windows sistema<br \/>\n\u2714 Integruota kamera ir Wi-Fi<br \/>\n\u2714 Lengvas ir kompakti\u0161kas<\/p>\n<p>Jungtys:<\/p>\n<ul>\n<li>USB 3.0<\/li>\n<li>USB 2.0<\/li>\n<li>HDMI<\/li>\n<li>SD korteli\u0173 skaitytuvas<\/li>\n<li>Ausini\u0173 \/ mikrofono jungtis<\/li>\n<\/ul>\n<p>Galima naudoti:<\/p>\n<ul>\n<li>darbui<\/li>\n<li>mokslams<\/li>\n<li>nuotoliniam mokymuisi<\/li>\n<li>filmams \/ internetui \/ Office programoms<\/li>\n<\/ul>\n<p>&nbsp;<\/p>","protected":false},"excerpt":{"rendered":"<p>Patikimas Lenovo IdeaPad ne\u0161iojamas kompiuteris darbui, mokslams ir kasdieniam naudojimui.<\/p>","protected":false},"featured_media":232,"template":"","meta":[],"product_brand":[27],"product_cat":[22],"product_tag":[],"class_list":{"0":"post-231","1":"product","2":"type-product","3":"status-publish","4":"has-post-thumbnail","6":"product_brand-lenovo","7":"product_cat-darbo-kompiuteriai","9":"first","10":"instock","11":"shipping-taxable","12":"purchasable","13":"product-type-simple"},"_links":{"self":[{"href":"https:\/\/www.jjkompiuteriai.lt\/en\/wp-json\/wp\/v2\/product\/231","targetHints":{"allow":["GET"]}}],"collection":[{"href":"https:\/\/www.jjkompiuteriai.lt\/en\/wp-json\/wp\/v2\/product"}],"about":[{"href":"https:\/\/www.jjkompiuteriai.lt\/en\/wp-json\/wp\/v2\/types\/product"}],"wp:featuredmedia":[{"embeddable":true,"href":"https:\/\/www.jjkompiuteriai.lt\/en\/wp-json\/wp\/v2\/media\/232"}],"wp:attachment":[{"href":"https:\/\/www.jjkompiuteriai.lt\/en\/wp-json\/wp\/v2\/media?parent=231"}],"wp:term":[{"taxonomy":"product_brand","embeddable":true,"href":"https:\/\/www.jjkompiuteriai.lt\/en\/wp-json\/wp\/v2\/product_brand?post=231"},{"taxonomy":"product_cat","embeddable":true,"href":"https:\/\/www.jjkompiuteriai.lt\/en\/wp-json\/wp\/v2\/product_cat?post=231"},{"taxonomy":"product_tag","embeddable":true,"href":"https:\/\/www.jjkompiuteriai.lt\/en\/wp-json\/wp\/v2\/product_tag?post=231"}],"curies":[{"name":"wp","href":"https:\/\/api.w.org\/{rel}","templated":true}]}}