{"id":219,"date":"2026-05-09T12:58:05","date_gmt":"2026-05-09T12:58:05","guid":{"rendered":"https:\/\/jjkompiuteriai.lt\/?post_type=product&#038;p=219"},"modified":"2026-05-09T12:58:06","modified_gmt":"2026-05-09T12:58:06","slug":"asus-tuf-gaming-fx505dt","status":"publish","type":"product","link":"https:\/\/www.jjkompiuteriai.lt\/en\/product\/asus-tuf-gaming-fx505dt\/","title":{"rendered":"ASUS TUF Gaming FX505DT"},"content":{"rendered":"<p data-start=\"0\" data-end=\"158\"><strong data-start=\"0\" data-end=\"27\">ASUS TUF Gaming FX505DT<\/strong><br data-start=\"27\" data-end=\"30\" \/>AMD Ryzen 5 procesorius<br data-start=\"53\" data-end=\"56\" \/>16 GB RAM<br data-start=\"65\" data-end=\"68\" \/>256 GB SSD + 750 GB HDD<br data-start=\"91\" data-end=\"94\" \/>NVIDIA GeForce GTX 1650 vaizdo plok\u0161t\u0117<br data-start=\"132\" data-end=\"135\" \/>15.6&#8243; Full HD ekranas<\/p>\n<p data-start=\"160\" data-end=\"401\">Galingas gaming ir darbo ne\u0161iojamas kompiuteris, puikiai tinkantis \u017eaidimams, darbui, mokslams bei kasdieniam naudojimui. GTX 1650 vaizdo plok\u0161t\u0117 leid\u017eia skland\u017eiai \u017eaisti populiarius \u017eaidimus bei dirbti su grafikos ar monta\u017eo programomis.<\/p>\n<p data-start=\"403\" data-end=\"544\">\u2714 Veikiantis tvarkingai<br data-start=\"426\" data-end=\"429\" \/>\u2714 Paruo\u0161tas naudojimui<br data-start=\"451\" data-end=\"454\" \/>\u2714 \u012era\u0161yta Windows sistema<br data-start=\"479\" data-end=\"482\" \/>\u2714 RGB klaviat\u016bros ap\u0161vietimas<br data-start=\"511\" data-end=\"514\" \/>\u2714 Integruota kamera ir Wi-Fi<\/p>\n<p data-start=\"546\" data-end=\"556\">Jungtys:<\/p>\n<ul data-start=\"558\" data-end=\"638\">\n<li data-section-id=\"addgn5\" data-start=\"558\" data-end=\"569\">USB 3.0<\/li>\n<li data-section-id=\"ae1dvk\" data-start=\"570\" data-end=\"581\">USB 2.0<\/li>\n<li data-section-id=\"1ne74qo\" data-start=\"582\" data-end=\"590\">HDMI<\/li>\n<li data-section-id=\"htkjw3\" data-start=\"591\" data-end=\"606\">LAN jungtis<\/li>\n<li data-section-id=\"a6wplr\" data-start=\"607\" data-end=\"638\">Ausini\u0173 \/ mikrofono jungtis<\/li>\n<\/ul>\n<p data-start=\"640\" data-end=\"657\">Galima naudoti:<\/p>\n<ul data-start=\"659\" data-end=\"802\">\n<li data-section-id=\"jux78h\" data-start=\"659\" data-end=\"672\">\u017eaidimams<\/li>\n<li data-section-id=\"830f41\" data-start=\"673\" data-end=\"683\">darbui<\/li>\n<li data-section-id=\"sfeszl\" data-start=\"684\" data-end=\"696\">mokslams<\/li>\n<li data-section-id=\"daes42\" data-start=\"697\" data-end=\"722\">nuotoliniam mokymuisi<\/li>\n<li data-section-id=\"i89tmj\" data-start=\"723\" data-end=\"767\">filmams \/ internetui \/ Office programoms<\/li>\n<li data-section-id=\"c8ljle\" data-start=\"768\" data-end=\"802\">grafikos ir monta\u017eo programoms<\/li>\n<\/ul>","protected":false},"excerpt":{"rendered":"<p>ASUS TUF Gaming FX505DTAMD Ryzen 5 procesorius16 GB RAM256 GB SSD + 750 GB HDDNVIDIA GeForce GTX 1650 vaizdo plok\u0161t\u011715.6&#8243; Full HD ekranas Galingas gaming ir darbo ne\u0161iojamas kompiuteris, puikiai tinkantis \u017eaidimams, darbui, mokslams bei kasdieniam naudojimui. GTX 1650 vaizdo plok\u0161t\u0117 leid\u017eia skland\u017eiai \u017eaisti populiarius \u017eaidimus bei dirbti su grafikos ar monta\u017eo programomis. \u2714 Veikiantis [&hellip;]<\/p>\n","protected":false},"featured_media":220,"template":"","meta":[],"product_brand":[30],"product_cat":[15],"product_tag":[],"class_list":{"0":"post-219","1":"product","2":"type-product","3":"status-publish","4":"has-post-thumbnail","6":"product_brand-asus","7":"product_cat-kompiuteriu-priedai","9":"first","10":"instock","11":"shipping-taxable","12":"purchasable","13":"product-type-simple"},"_links":{"self":[{"href":"https:\/\/www.jjkompiuteriai.lt\/en\/wp-json\/wp\/v2\/product\/219","targetHints":{"allow":["GET"]}}],"collection":[{"href":"https:\/\/www.jjkompiuteriai.lt\/en\/wp-json\/wp\/v2\/product"}],"about":[{"href":"https:\/\/www.jjkompiuteriai.lt\/en\/wp-json\/wp\/v2\/types\/product"}],"wp:featuredmedia":[{"embeddable":true,"href":"https:\/\/www.jjkompiuteriai.lt\/en\/wp-json\/wp\/v2\/media\/220"}],"wp:attachment":[{"href":"https:\/\/www.jjkompiuteriai.lt\/en\/wp-json\/wp\/v2\/media?parent=219"}],"wp:term":[{"taxonomy":"product_brand","embeddable":true,"href":"https:\/\/www.jjkompiuteriai.lt\/en\/wp-json\/wp\/v2\/product_brand?post=219"},{"taxonomy":"product_cat","embeddable":true,"href":"https:\/\/www.jjkompiuteriai.lt\/en\/wp-json\/wp\/v2\/product_cat?post=219"},{"taxonomy":"product_tag","embeddable":true,"href":"https:\/\/www.jjkompiuteriai.lt\/en\/wp-json\/wp\/v2\/product_tag?post=219"}],"curies":[{"name":"wp","href":"https:\/\/api.w.org\/{rel}","templated":true}]}}