{"id":214,"date":"2026-05-09T12:52:01","date_gmt":"2026-05-09T12:52:01","guid":{"rendered":"https:\/\/jjkompiuteriai.lt\/?post_type=product&#038;p=214"},"modified":"2026-05-13T07:00:34","modified_gmt":"2026-05-13T07:00:34","slug":"lenovo-v14-iil-i3-11gen-8gb-256ssd","status":"publish","type":"product","link":"https:\/\/www.jjkompiuteriai.lt\/en\/product\/lenovo-v14-iil-i3-11gen-8gb-256ssd\/","title":{"rendered":"Lenovo V14-IIL i3 11th Gen 8GB 256GB SSD"},"content":{"rendered":"<p>Lenovo V14-IIL ne\u0161iojamas kompiuteris kasdieniam naudojimui, darbui ir mokslams.<\/p>\n<p>Specifikacijos:<br \/>\n\u2022 Intel Core i3 11th Gen<br \/>\n\u2022 8GB RAM<br \/>\n\u2022 256GB SSD<\/p>\n<p>Puikiai tinka:<br \/>\n\u2022 Nar\u0161ymui internete<br \/>\n\u2022 Office programoms<br \/>\n\u2022 Nuotoliniam darbui<br \/>\n\u2022 Mokslams ir film\u0173 \u017ei\u016br\u0117jimui<\/p>\n<p>Kompiuteris pilnai veikiantis, tvarkingas ir paruo\u0161tas naudojimui.<br \/>\nTuri smulki\u0173 naudojimo \u017eymi\u0173.<\/p>","protected":false},"excerpt":{"rendered":"<p>Lenovo V14-IIL ne\u0161iojamas kompiuteris kasdieniam naudojimui, darbui ir mokslams. Specifikacijos: \u2022 Intel Core i3 11th Gen \u2022 8GB RAM \u2022 256GB SSD Puikiai tinka: \u2022 Nar\u0161ymui internete \u2022 Office programoms \u2022 Nuotoliniam darbui \u2022 Mokslams ir film\u0173 \u017ei\u016br\u0117jimui Kompiuteris pilnai veikiantis, tvarkingas ir paruo\u0161tas naudojimui. Turi smulki\u0173 naudojimo \u017eymi\u0173.<\/p>","protected":false},"featured_media":365,"template":"","meta":[],"product_brand":[27],"product_cat":[22],"product_tag":[],"class_list":{"0":"post-214","1":"product","2":"type-product","3":"status-publish","4":"has-post-thumbnail","6":"product_brand-lenovo","7":"product_cat-darbo-kompiuteriai","9":"first","10":"instock","11":"shipping-taxable","12":"purchasable","13":"product-type-simple"},"_links":{"self":[{"href":"https:\/\/www.jjkompiuteriai.lt\/en\/wp-json\/wp\/v2\/product\/214","targetHints":{"allow":["GET"]}}],"collection":[{"href":"https:\/\/www.jjkompiuteriai.lt\/en\/wp-json\/wp\/v2\/product"}],"about":[{"href":"https:\/\/www.jjkompiuteriai.lt\/en\/wp-json\/wp\/v2\/types\/product"}],"wp:featuredmedia":[{"embeddable":true,"href":"https:\/\/www.jjkompiuteriai.lt\/en\/wp-json\/wp\/v2\/media\/365"}],"wp:attachment":[{"href":"https:\/\/www.jjkompiuteriai.lt\/en\/wp-json\/wp\/v2\/media?parent=214"}],"wp:term":[{"taxonomy":"product_brand","embeddable":true,"href":"https:\/\/www.jjkompiuteriai.lt\/en\/wp-json\/wp\/v2\/product_brand?post=214"},{"taxonomy":"product_cat","embeddable":true,"href":"https:\/\/www.jjkompiuteriai.lt\/en\/wp-json\/wp\/v2\/product_cat?post=214"},{"taxonomy":"product_tag","embeddable":true,"href":"https:\/\/www.jjkompiuteriai.lt\/en\/wp-json\/wp\/v2\/product_tag?post=214"}],"curies":[{"name":"wp","href":"https:\/\/api.w.org\/{rel}","templated":true}]}}