{"id":207,"date":"2026-05-09T11:04:43","date_gmt":"2026-05-09T11:04:43","guid":{"rendered":"https:\/\/jjkompiuteriai.lt\/?post_type=product&#038;p=207"},"modified":"2026-05-09T11:04:43","modified_gmt":"2026-05-09T11:04:43","slug":"asus-vivobook-x515f","status":"publish","type":"product","link":"https:\/\/www.jjkompiuteriai.lt\/en\/product\/asus-vivobook-x515f\/","title":{"rendered":"ASUS VivoBook X515F"},"content":{"rendered":"<p><strong>ASUS VivoBook X515F<\/strong><br \/>\nIntel Core i3 10 kartos procesorius<br \/>\n8 GB RAM<br \/>\n256 GB SSD<br \/>\n15.6&#8243; ekranas<\/p>\n<p>Lengvas ir patogus ne\u0161iojamas kompiuteris darbui, mokslams bei kasdieniam naudojimui. Greitas SSD diskas u\u017etikrina spart\u0173 sistemos veikim\u0105, o kompakti\u0161kas dizainas leid\u017eia patogiai ne\u0161iotis.<\/p>\n<p>\u2714 Veikiantis tvarkingai<br \/>\n\u2714 Paruo\u0161tas naudojimui<br \/>\n\u2714 \u012era\u0161yta Windows sistema<br \/>\n\u2714 Wi-Fi ir kamera<br \/>\n\u2714 Patogus darbui bei mokslams<\/p>\n<p>Galima naudoti:<\/p>\n<ul>\n<li>darbui<\/li>\n<li>mokslams<\/li>\n<li>nuotoliniam mokymuisi<\/li>\n<li>filmams \/ internetui \/ Office programoms<\/li>\n<\/ul>\n<p>Turi ekrane \u0161viesesni\u0173 d\u0117meli\u0173 matom\u0173 baltame fone.<\/p>","protected":false},"excerpt":{"rendered":"<p>ASUS VivoBook X515F Intel Core i3 10 kartos procesorius 8 GB RAM 256 GB SSD 15.6&#8243; ekranas Lengvas ir patogus ne\u0161iojamas kompiuteris darbui, mokslams bei kasdieniam naudojimui. Greitas SSD diskas u\u017etikrina spart\u0173 sistemos veikim\u0105, o kompakti\u0161kas dizainas leid\u017eia patogiai ne\u0161iotis. \u2714 Veikiantis tvarkingai \u2714 Paruo\u0161tas naudojimui \u2714 \u012era\u0161yta Windows sistema \u2714 Wi-Fi ir kamera \u2714 [&hellip;]<\/p>\n","protected":false},"featured_media":208,"template":"","meta":[],"product_brand":[30],"product_cat":[22],"product_tag":[],"class_list":{"0":"post-207","1":"product","2":"type-product","3":"status-publish","4":"has-post-thumbnail","6":"product_brand-asus","7":"product_cat-darbo-kompiuteriai","9":"first","10":"instock","11":"shipping-taxable","12":"purchasable","13":"product-type-simple"},"_links":{"self":[{"href":"https:\/\/www.jjkompiuteriai.lt\/en\/wp-json\/wp\/v2\/product\/207","targetHints":{"allow":["GET"]}}],"collection":[{"href":"https:\/\/www.jjkompiuteriai.lt\/en\/wp-json\/wp\/v2\/product"}],"about":[{"href":"https:\/\/www.jjkompiuteriai.lt\/en\/wp-json\/wp\/v2\/types\/product"}],"wp:featuredmedia":[{"embeddable":true,"href":"https:\/\/www.jjkompiuteriai.lt\/en\/wp-json\/wp\/v2\/media\/208"}],"wp:attachment":[{"href":"https:\/\/www.jjkompiuteriai.lt\/en\/wp-json\/wp\/v2\/media?parent=207"}],"wp:term":[{"taxonomy":"product_brand","embeddable":true,"href":"https:\/\/www.jjkompiuteriai.lt\/en\/wp-json\/wp\/v2\/product_brand?post=207"},{"taxonomy":"product_cat","embeddable":true,"href":"https:\/\/www.jjkompiuteriai.lt\/en\/wp-json\/wp\/v2\/product_cat?post=207"},{"taxonomy":"product_tag","embeddable":true,"href":"https:\/\/www.jjkompiuteriai.lt\/en\/wp-json\/wp\/v2\/product_tag?post=207"}],"curies":[{"name":"wp","href":"https:\/\/api.w.org\/{rel}","templated":true}]}}