{"id":144,"date":"2026-05-08T08:16:59","date_gmt":"2026-05-08T08:16:59","guid":{"rendered":"https:\/\/jjkompiuteriai.lt\/?post_type=product&#038;p=144"},"modified":"2026-05-08T08:16:59","modified_gmt":"2026-05-08T08:16:59","slug":"lenovo-ideapad-330s-15ikb-gtx1050","status":"publish","type":"product","link":"https:\/\/www.jjkompiuteriai.lt\/en\/product\/lenovo-ideapad-330s-15ikb-gtx1050\/","title":{"rendered":"Lenovo IdeaPad 330S-15IKB GTX1050"},"content":{"rendered":"<p data-start=\"0\" data-end=\"41\"><strong data-start=\"0\" data-end=\"41\"> Lenovo IdeaPad 330S-15IKB<\/strong><\/p>\n<p data-start=\"43\" data-end=\"246\">Tvarkingas ir greitas ne\u0161iojamas kompiuteris, puikiai tinkantis tiek darbui, tiek \u017eaidimams. GTX 1050 4GB vaizdo plok\u0161t\u0117 leid\u017eia skland\u017eiai \u017eaisti populiarius \u017eaidimus bei dirbti su grafikos programomis.<\/p>\n<h3 data-section-id=\"s6dal0\" data-start=\"248\" data-end=\"266\">Specifikacija:<\/h3>\n<ul data-start=\"267\" data-end=\"488\">\n<li data-section-id=\"18skyf4\" data-start=\"267\" data-end=\"303\">Modelis: Lenovo IdeaPad 330S-15IKB<\/li>\n<li data-section-id=\"1f25exe\" data-start=\"304\" data-end=\"320\">Ekranas: 15.6\u201d<\/li>\n<li data-section-id=\"1d8w4th\" data-start=\"321\" data-end=\"349\">Procesorius: Intel Core i5<\/li>\n<li data-section-id=\"bonayj\" data-start=\"350\" data-end=\"395\">Vaizdo plok\u0161t\u0117: NVIDIA GeForce GTX 1050 4GB<\/li>\n<li data-section-id=\"4atsfl\" data-start=\"396\" data-end=\"407\">RAM: 8 GB<\/li>\n<li data-section-id=\"1ckoj8i\" data-start=\"408\" data-end=\"421\">SSD: 256 GB<\/li>\n<li data-section-id=\"raazyw\" data-start=\"422\" data-end=\"460\">Wi-Fi, Bluetooth, kamera, mikrofonas<\/li>\n<li data-section-id=\"cxanvk\" data-start=\"461\" data-end=\"488\">Jungtys: USB, HDMI, audio<\/li>\n<\/ul>\n<h3 data-section-id=\"3jeyfw\" data-start=\"490\" data-end=\"505\">Privalumai:<\/h3>\n<ul data-start=\"506\" data-end=\"740\">\n<li data-section-id=\"1ymxpm2\" data-start=\"506\" data-end=\"545\">GTX 1050 4GB vaizdo plok\u0161t\u0117 \u017eaidimams<\/li>\n<li data-section-id=\"mlmed0\" data-start=\"546\" data-end=\"566\">Greitas SSD diskas<\/li>\n<li data-section-id=\"1pz8pb5\" data-start=\"567\" data-end=\"645\">Tinka CS2, GTA V, Fortnite, Valorant, League of Legends ir kitiems \u017eaidimams<\/li>\n<li data-section-id=\"1unati4\" data-start=\"646\" data-end=\"687\">Patogus tiek darbui, tiek laisvalaikiui<\/li>\n<li data-section-id=\"1p98oky\" data-start=\"688\" data-end=\"711\">Didelis 15.6\u201d ekranas<\/li>\n<li data-section-id=\"oli5p0\" data-start=\"712\" data-end=\"740\">Stabilus ir tylus veikimas<\/li>\n<\/ul>","protected":false},"excerpt":{"rendered":"<p>Lenovo IdeaPad 330S-15IKB Tvarkingas ir greitas ne\u0161iojamas kompiuteris, puikiai tinkantis tiek darbui, tiek \u017eaidimams. GTX 1050 4GB vaizdo plok\u0161t\u0117 leid\u017eia skland\u017eiai \u017eaisti populiarius \u017eaidimus bei dirbti su grafikos programomis. Specifikacija: Modelis: Lenovo IdeaPad 330S-15IKB Ekranas: 15.6\u201d Procesorius: Intel Core i5 Vaizdo plok\u0161t\u0117: NVIDIA GeForce GTX 1050 4GB RAM: 8 GB SSD: 256 GB Wi-Fi, Bluetooth, [&hellip;]<\/p>\n","protected":false},"featured_media":145,"template":"","meta":[],"product_brand":[27],"product_cat":[15],"product_tag":[],"class_list":{"0":"post-144","1":"product","2":"type-product","3":"status-publish","4":"has-post-thumbnail","6":"product_brand-lenovo","7":"product_cat-kompiuteriu-priedai","9":"first","10":"instock","11":"shipping-taxable","12":"purchasable","13":"product-type-simple"},"_links":{"self":[{"href":"https:\/\/www.jjkompiuteriai.lt\/en\/wp-json\/wp\/v2\/product\/144","targetHints":{"allow":["GET"]}}],"collection":[{"href":"https:\/\/www.jjkompiuteriai.lt\/en\/wp-json\/wp\/v2\/product"}],"about":[{"href":"https:\/\/www.jjkompiuteriai.lt\/en\/wp-json\/wp\/v2\/types\/product"}],"wp:featuredmedia":[{"embeddable":true,"href":"https:\/\/www.jjkompiuteriai.lt\/en\/wp-json\/wp\/v2\/media\/145"}],"wp:attachment":[{"href":"https:\/\/www.jjkompiuteriai.lt\/en\/wp-json\/wp\/v2\/media?parent=144"}],"wp:term":[{"taxonomy":"product_brand","embeddable":true,"href":"https:\/\/www.jjkompiuteriai.lt\/en\/wp-json\/wp\/v2\/product_brand?post=144"},{"taxonomy":"product_cat","embeddable":true,"href":"https:\/\/www.jjkompiuteriai.lt\/en\/wp-json\/wp\/v2\/product_cat?post=144"},{"taxonomy":"product_tag","embeddable":true,"href":"https:\/\/www.jjkompiuteriai.lt\/en\/wp-json\/wp\/v2\/product_tag?post=144"}],"curies":[{"name":"wp","href":"https:\/\/api.w.org\/{rel}","templated":true}]}}