{"id":132,"date":"2026-05-08T07:43:44","date_gmt":"2026-05-08T07:43:44","guid":{"rendered":"https:\/\/jjkompiuteriai.lt\/?post_type=product&#038;p=132"},"modified":"2026-05-08T07:43:44","modified_gmt":"2026-05-08T07:43:44","slug":"macbook-air","status":"publish","type":"product","link":"https:\/\/www.jjkompiuteriai.lt\/en\/product\/macbook-air\/","title":{"rendered":"Macbook air"},"content":{"rendered":"<p data-start=\"0\" data-end=\"49\"><strong data-start=\"0\" data-end=\"49\">MacBook Air 2019 Retina Rose Gold<\/strong><\/p>\n<p data-start=\"51\" data-end=\"221\">Stilingas, lengvas ir patikimas Apple ne\u0161iojamas kompiuteris darbui, studijoms ar kasdieniam naudojimui. Puikus pasirinkimas ie\u0161kantiems kokybi\u0161ko ir kompakti\u0161ko laptopo.<\/p>\n<h3 data-section-id=\"s6dal0\" data-start=\"223\" data-end=\"241\">Specifikacija:<\/h3>\n<ul data-start=\"242\" data-end=\"471\">\n<li data-section-id=\"17897ap\" data-start=\"242\" data-end=\"269\">Modelis: MacBook Air 2019<\/li>\n<li data-section-id=\"19iudr4\" data-start=\"270\" data-end=\"289\">Spalva: Rose Gold<\/li>\n<li data-section-id=\"j685p0\" data-start=\"290\" data-end=\"313\">Ekranas: 13.3\u201d Retina<\/li>\n<li data-section-id=\"1d8w4th\" data-start=\"314\" data-end=\"342\">Procesorius: Intel Core i5<\/li>\n<li data-section-id=\"4atsfl\" data-start=\"343\" data-end=\"354\">RAM: 8 GB<\/li>\n<li data-section-id=\"1ckoj8i\" data-start=\"355\" data-end=\"368\">SSD: 256 GB<\/li>\n<li data-section-id=\"q10jvk\" data-start=\"369\" data-end=\"407\">Touch ID pir\u0161t\u0173 atspaud\u0173 skaitytuvas<\/li>\n<li data-section-id=\"1phaq3j\" data-start=\"408\" data-end=\"432\">Ap\u0161vie\u010diama klaviat\u016bra<\/li>\n<li data-section-id=\"raazyw\" data-start=\"433\" data-end=\"471\">Wi-Fi, Bluetooth, kamera, mikrofonas<\/li>\n<\/ul>\n<h3 data-section-id=\"3jeyfw\" data-start=\"473\" data-end=\"488\">Privalumai:<\/h3>\n<ul data-start=\"489\" data-end=\"721\">\n<li data-section-id=\"cqrv5i\" data-start=\"489\" data-end=\"531\">Ry\u0161kus ir auk\u0161tos kokyb\u0117s Retina ekranas<\/li>\n<li data-section-id=\"2um7d6\" data-start=\"532\" data-end=\"560\">Lengvas ir plonas korpusas<\/li>\n<li data-section-id=\"mlmed0\" data-start=\"561\" data-end=\"581\">Greitas SSD diskas<\/li>\n<li data-section-id=\"1n5x3gd\" data-start=\"582\" data-end=\"607\">Ilgai laikanti baterija<\/li>\n<li data-section-id=\"19am7h4\" data-start=\"608\" data-end=\"666\">Patogus naudojimas darbui, mokslams, nar\u0161ymui ar filmams<\/li>\n<li data-section-id=\"y5ugta\" data-start=\"667\" data-end=\"721\">Puikiai veikia su iPhone ir kitais Apple \u012frenginiais<\/li>\n<\/ul>","protected":false},"excerpt":{"rendered":"<p>MacBook Air 2019 Retina Rose Gold Stilingas, lengvas ir patikimas Apple ne\u0161iojamas kompiuteris darbui, studijoms ar kasdieniam naudojimui. Puikus pasirinkimas ie\u0161kantiems kokybi\u0161ko ir kompakti\u0161ko laptopo. Specifikacija: Modelis: MacBook Air 2019 Spalva: Rose Gold Ekranas: 13.3\u201d Retina Procesorius: Intel Core i5 RAM: 8 GB SSD: 256 GB Touch ID pir\u0161t\u0173 atspaud\u0173 skaitytuvas Ap\u0161vie\u010diama klaviat\u016bra Wi-Fi, Bluetooth, [&hellip;]<\/p>\n","protected":false},"featured_media":133,"template":"","meta":[],"product_brand":[28],"product_cat":[22],"product_tag":[],"class_list":{"0":"post-132","1":"product","2":"type-product","3":"status-publish","4":"has-post-thumbnail","6":"product_brand-apple","7":"product_cat-darbo-kompiuteriai","9":"first","10":"instock","11":"shipping-taxable","12":"purchasable","13":"product-type-simple"},"_links":{"self":[{"href":"https:\/\/www.jjkompiuteriai.lt\/en\/wp-json\/wp\/v2\/product\/132","targetHints":{"allow":["GET"]}}],"collection":[{"href":"https:\/\/www.jjkompiuteriai.lt\/en\/wp-json\/wp\/v2\/product"}],"about":[{"href":"https:\/\/www.jjkompiuteriai.lt\/en\/wp-json\/wp\/v2\/types\/product"}],"wp:featuredmedia":[{"embeddable":true,"href":"https:\/\/www.jjkompiuteriai.lt\/en\/wp-json\/wp\/v2\/media\/133"}],"wp:attachment":[{"href":"https:\/\/www.jjkompiuteriai.lt\/en\/wp-json\/wp\/v2\/media?parent=132"}],"wp:term":[{"taxonomy":"product_brand","embeddable":true,"href":"https:\/\/www.jjkompiuteriai.lt\/en\/wp-json\/wp\/v2\/product_brand?post=132"},{"taxonomy":"product_cat","embeddable":true,"href":"https:\/\/www.jjkompiuteriai.lt\/en\/wp-json\/wp\/v2\/product_cat?post=132"},{"taxonomy":"product_tag","embeddable":true,"href":"https:\/\/www.jjkompiuteriai.lt\/en\/wp-json\/wp\/v2\/product_tag?post=132"}],"curies":[{"name":"wp","href":"https:\/\/api.w.org\/{rel}","templated":true}]}}