{"id":49,"date":"2026-05-07T08:23:21","date_gmt":"2026-05-07T08:23:21","guid":{"rendered":"https:\/\/mediumspringgreen-swan-908339.hostingersite.com\/kompiuteriu-remontas\/"},"modified":"2026-05-08T06:16:55","modified_gmt":"2026-05-08T06:16:55","slug":"kompiuteriu-remontas","status":"publish","type":"page","link":"https:\/\/www.jjkompiuteriai.lt\/en\/kompiuteriu-remontas\/","title":{"rendered":"Kompiuterio remonto u\u017esakymas"},"content":{"rendered":"\t\t<div data-elementor-type=\"wp-page\" data-elementor-id=\"49\" class=\"elementor elementor-49\">\n\t\t\t\t<div data-aos=\"fade-up\" class=\"hostinger-elementor-aos elementor-element elementor-element-d4fdd7e e-flex e-con-boxed e-con e-parent\" data-id=\"d4fdd7e\" data-element_type=\"container\" data-e-type=\"container\">\n\t\t\t\t\t<div class=\"e-con-inner\">\n\t\t<div data-aos=\"fade-up\" class=\"hostinger-elementor-aos elementor-element elementor-element-a8a0e30 e-con-full e-flex e-con e-child\" data-id=\"a8a0e30\" data-element_type=\"container\" data-e-type=\"container\">\n\t\t\t\t<div class=\"elementor-element elementor-element-34516db hostinger-ai-title elementor-widget elementor-widget-heading\" data-id=\"34516db\" data-element_type=\"widget\" data-e-type=\"widget\" data-widget_type=\"heading.default\">\n\t\t\t\t\t<h2 class=\"elementor-heading-title elementor-size-default\">M\u016bs\u0173 paslaugos<\/h2>\t\t\t\t<\/div>\n\t\t<div data-aos=\"fade-up\" class=\"hostinger-elementor-aos elementor-element elementor-element-ef07334 e-grid e-con-full e-con e-child\" data-id=\"ef07334\" data-element_type=\"container\" data-e-type=\"container\">\n\t\t<div data-aos=\"fade-up\" class=\"hostinger-elementor-aos elementor-element elementor-element-dfe1581 e-con-full e-flex e-con e-child\" data-id=\"dfe1581\" data-element_type=\"container\" data-e-type=\"container\">\n\t\t\t\t<div class=\"elementor-element elementor-element-4c1eef3 hostinger-ai-service-image elementor-widget elementor-widget-image\" data-id=\"4c1eef3\" data-element_type=\"widget\" data-e-type=\"widget\" data-widget_type=\"image.default\">\n\t\t\t\t\t\t\t\t\t\t\t\t\t\t\t<img decoding=\"async\" src=\"https:\/\/images.unsplash.com\/photo-1680016661694-1cd3faf31c3a?q=85&#038;w=340&#038;h=340&#038;fit=crop\" title=\"\" alt=\"\" loading=\"lazy\" \/>\t\t\t\t\t\t\t\t\t\t\t\t\t\t\t<\/div>\n\t\t\t\t<div class=\"elementor-element elementor-element-cefe350 hostinger-ai-service-description elementor-widget elementor-widget-text-editor\" data-id=\"cefe350\" data-element_type=\"widget\" data-e-type=\"widget\" data-widget_type=\"text-editor.default\">\n\t\t\t\t\t\t\t\t\tGreitas ir patikimas ne\u0161iojam\u0173j\u0173 kompiuteri\u0173 remontas.\t\t\t\t\t\t\t\t<\/div>\n\t\t\t\t<\/div>\n\t\t<div data-aos=\"fade-up\" class=\"hostinger-elementor-aos elementor-element elementor-element-30020de e-con-full e-flex e-con e-child\" data-id=\"30020de\" data-element_type=\"container\" data-e-type=\"container\">\n\t\t\t\t<div class=\"elementor-element elementor-element-88c0601 hostinger-ai-service-image hostinger-index-1 elementor-widget elementor-widget-image\" data-id=\"88c0601\" data-element_type=\"widget\" data-e-type=\"widget\" data-widget_type=\"image.default\">\n\t\t\t\t\t\t\t\t\t\t\t\t\t\t\t<img fetchpriority=\"high\" decoding=\"async\" width=\"720\" height=\"667\" src=\"https:\/\/www.jjkompiuteriai.lt\/wp-content\/uploads\/2026\/05\/purvinas-pc.webp\" class=\"attachment-large size-large wp-image-98\" alt=\"\" srcset=\"https:\/\/www.jjkompiuteriai.lt\/wp-content\/uploads\/2026\/05\/purvinas-pc.webp 720w, https:\/\/www.jjkompiuteriai.lt\/wp-content\/uploads\/2026\/05\/purvinas-pc-300x278.webp 300w, https:\/\/www.jjkompiuteriai.lt\/wp-content\/uploads\/2026\/05\/purvinas-pc-13x12.webp 13w, https:\/\/www.jjkompiuteriai.lt\/wp-content\/uploads\/2026\/05\/purvinas-pc-600x556.webp 600w\" sizes=\"(max-width: 720px) 100vw, 720px\" \/>\t\t\t\t\t\t\t\t\t\t\t\t\t\t\t<\/div>\n\t\t\t\t<div class=\"elementor-element elementor-element-49406fe hostinger-ai-service-description hostinger-index-1 elementor-widget elementor-widget-text-editor\" data-id=\"49406fe\" data-element_type=\"widget\" data-e-type=\"widget\" data-widget_type=\"text-editor.default\">\n\t\t\t\t\t\t\t\t\tStacionari\u0173 kompiuteri\u0173 diagnostika ir gedim\u0173 \u0161alinimas.\t\t\t\t\t\t\t\t<\/div>\n\t\t\t\t<\/div>\n\t\t<div data-aos=\"fade-up\" class=\"hostinger-elementor-aos elementor-element elementor-element-dabc39e e-con-full e-flex e-con e-child\" data-id=\"dabc39e\" data-element_type=\"container\" data-e-type=\"container\">\n\t\t\t\t<div class=\"elementor-element elementor-element-e2d2024 hostinger-ai-service-image hostinger-index-2 elementor-widget elementor-widget-image\" data-id=\"e2d2024\" data-element_type=\"widget\" data-e-type=\"widget\" data-widget_type=\"image.default\">\n\t\t\t\t\t\t\t\t\t\t\t\t\t\t\t<img decoding=\"async\" width=\"1024\" height=\"683\" src=\"https:\/\/www.jjkompiuteriai.lt\/wp-content\/uploads\/2026\/05\/purvinas-laptopas-1024x683.webp\" class=\"attachment-large size-large wp-image-97\" alt=\"\" srcset=\"https:\/\/www.jjkompiuteriai.lt\/wp-content\/uploads\/2026\/05\/purvinas-laptopas-1024x683.webp 1024w, https:\/\/www.jjkompiuteriai.lt\/wp-content\/uploads\/2026\/05\/purvinas-laptopas-300x200.webp 300w, https:\/\/www.jjkompiuteriai.lt\/wp-content\/uploads\/2026\/05\/purvinas-laptopas-768x512.webp 768w, https:\/\/www.jjkompiuteriai.lt\/wp-content\/uploads\/2026\/05\/purvinas-laptopas-1536x1025.webp 1536w, https:\/\/www.jjkompiuteriai.lt\/wp-content\/uploads\/2026\/05\/purvinas-laptopas-18x12.webp 18w, https:\/\/www.jjkompiuteriai.lt\/wp-content\/uploads\/2026\/05\/purvinas-laptopas-600x400.webp 600w, https:\/\/www.jjkompiuteriai.lt\/wp-content\/uploads\/2026\/05\/purvinas-laptopas.webp 1920w\" sizes=\"(max-width: 1024px) 100vw, 1024px\" \/>\t\t\t\t\t\t\t\t\t\t\t\t\t\t\t<\/div>\n\t\t\t\t<div class=\"elementor-element elementor-element-f9fc8b8 hostinger-ai-service-description hostinger-index-1 elementor-widget elementor-widget-text-editor\" data-id=\"f9fc8b8\" data-element_type=\"widget\" data-e-type=\"widget\" data-widget_type=\"text-editor.default\">\n\t\t\t\t\t\t\t\t\t<p>Stacionari\u0173 bei ne\u0161iojamu kompiuteriu aptarnavimas<\/p>\t\t\t\t\t\t\t\t<\/div>\n\t\t\t\t<\/div>\n\t\t\t\t<\/div>\n\t\t\t\t<\/div>\n\t\t\t\t\t<\/div>\n\t\t\t\t<\/div>\n\t\t<div data-aos=\"fade-up\" class=\"hostinger-elementor-aos elementor-element elementor-element-fc3017f e-flex e-con-boxed e-con e-parent\" data-id=\"fc3017f\" data-element_type=\"container\" data-e-type=\"container\">\n\t\t\t\t\t<div class=\"e-con-inner\">\n\t\t\t\t<div class=\"elementor-element elementor-element-b4fc1db elementor-widget elementor-widget-wpforms\" data-id=\"b4fc1db\" data-element_type=\"widget\" data-e-type=\"widget\" data-widget_type=\"wpforms.default\">\n\t\t\t\t<div class=\"elementor-widget-container\">\n\t\t\t\t\t<div class=\"wpforms-container wpforms-container-full wpforms-render-modern\" id=\"wpforms-84\"><form id=\"wpforms-form-84\" class=\"wpforms-validate wpforms-form wpforms-ajax-form\" data-formid=\"84\" method=\"post\" enctype=\"multipart\/form-data\" action=\"\/en\/wp-json\/wp\/v2\/pages\/49\" data-token=\"6585d6fff8d4d31c1068387caeae0fba\" data-token-time=\"1778745264\"><noscript class=\"wpforms-error-noscript\">Please enable JavaScript in your browser to complete this form.<\/noscript><div id=\"wpforms-error-noscript\" style=\"display: none;\">Please enable JavaScript in your browser to complete this form.<\/div><div class=\"wpforms-field-container\">\t\t<div id=\"wpforms-84-field_4-container\"\n\t\t\tclass=\"wpforms-field wpforms-field-text\"\n\t\t\tdata-field-type=\"text\"\n\t\t\tdata-field-id=\"4\"\n\t\t\t>\n\t\t\t<label class=\"wpforms-field-label\" for=\"wpforms-84-field_4\" >kompiuterio Nr. Tel.<\/label>\n\t\t\t<input type=\"text\" id=\"wpforms-84-field_4\" class=\"wpforms-field-medium\" name=\"wpforms[fields][4]\" >\n\t\t<\/div>\n\t\t<div id=\"wpforms-84-field_1-container\" class=\"wpforms-field wpforms-field-name\" data-field-id=\"1\"><label class=\"wpforms-field-label\" for=\"wpforms-84-field_1\">Vardas <span class=\"wpforms-required-label\" aria-hidden=\"true\">*<\/span><\/label><input type=\"text\" id=\"wpforms-84-field_1\" class=\"wpforms-field-medium wpforms-field-required\" name=\"wpforms[fields][1]\" aria-errormessage=\"wpforms-84-field_1-error\" required><\/div><div id=\"wpforms-84-field_2-container\" class=\"wpforms-field wpforms-field-email\" data-field-id=\"2\"><label class=\"wpforms-field-label\" for=\"wpforms-84-field_2\">El. Pa\u0161tas <span class=\"wpforms-required-label\" aria-hidden=\"true\">*<\/span><\/label><input type=\"email\" id=\"wpforms-84-field_2\" class=\"wpforms-field-medium wpforms-field-required\" name=\"wpforms[fields][2]\" spellcheck=\"false\" aria-errormessage=\"wpforms-84-field_2-error\" required><\/div><div id=\"wpforms-84-field_5-container\" class=\"wpforms-field wpforms-field-text\" data-field-id=\"5\"><label class=\"wpforms-field-label\" for=\"wpforms-84-field_5\">Tel. Nr.<\/label><input type=\"text\" id=\"wpforms-84-field_5\" class=\"wpforms-field-medium\" name=\"wpforms[fields][5]\" aria-errormessage=\"wpforms-84-field_5-error\" ><\/div><div id=\"wpforms-84-field_3-container\" class=\"wpforms-field wpforms-field-textarea\" data-field-id=\"3\"><label class=\"wpforms-field-label\" for=\"wpforms-84-field_3\">Kuo tiksliau apib\u016bdinkite kompiuterio gedim\u0105<\/label><textarea id=\"wpforms-84-field_3\" class=\"wpforms-field-medium\" name=\"wpforms[fields][3]\" aria-errormessage=\"wpforms-84-field_3-error\" ><\/textarea><\/div><script>\n\t\t\t\t( function() {\n\t\t\t\t\tconst style = document.createElement( 'style' );\n\t\t\t\t\tstyle.appendChild( document.createTextNode( '#wpforms-84-field_4-container { position: absolute !important; overflow: hidden !important; display: inline !important; height: 1px !important; width: 1px !important; z-index: -1000 !important; padding: 0 !important; } #wpforms-84-field_4-container input { visibility: hidden; } #wpforms-conversational-form-page #wpforms-84-field_4-container label { counter-increment: none; }' ) );\n\t\t\t\t\tdocument.head.appendChild( style );\n\t\t\t\t\tdocument.currentScript?.remove();\n\t\t\t\t} )();\n\t\t\t<\/script><\/div><!-- .wpforms-field-container --><div class=\"wpforms-submit-container\" ><input type=\"hidden\" name=\"wpforms[id]\" value=\"84\"><input type=\"hidden\" name=\"page_title\" value=\"\"><input type=\"hidden\" name=\"page_url\" value=\"https:\/\/www.jjkompiuteriai.lt\/en\/wp-json\/wp\/v2\/pages\/49\"><input type=\"hidden\" name=\"url_referer\" value=\"\"><button type=\"submit\" name=\"wpforms[submit]\" id=\"wpforms-submit-84\" class=\"wpforms-submit\" data-alt-text=\"Sending...\" data-submit-text=\"Submit\" aria-live=\"assertive\" value=\"wpforms-submit\">Submit<\/button><img decoding=\"async\" src=\"https:\/\/www.jjkompiuteriai.lt\/wp-content\/plugins\/wpforms-lite\/assets\/images\/submit-spin.svg\" class=\"wpforms-submit-spinner\" style=\"display: none;\" width=\"26\" height=\"26\" alt=\"Loading\"><\/div><\/form><\/div>  <!-- .wpforms-container -->\t\t\t\t<\/div>\n\t\t\t\t<\/div>\n\t\t\t\t\t<\/div>\n\t\t\t\t<\/div>\n\t\t\t\t<\/div>\n\t\t","protected":false},"excerpt":{"rendered":"<p>M\u016bs\u0173 paslaugos Greitas ir patikimas ne\u0161iojam\u0173j\u0173 kompiuteri\u0173 remontas. Stacionari\u0173 kompiuteri\u0173 diagnostika ir gedim\u0173 \u0161alinimas. Stacionari\u0173 bei ne\u0161iojamu kompiuteriu aptarnavimas Please enable JavaScript in your browser to complete this form.Please enable JavaScript in your browser to complete this form.Vardas *El. Pa\u0161tas *Tel. Nr. *Kuo tiksliau apib\u016bdinkite kompiuterio gedim\u0105 Submit<\/p>","protected":false},"author":1,"featured_media":0,"parent":0,"menu_order":0,"comment_status":"closed","ping_status":"closed","template":"","meta":{"footnotes":""},"class_list":["post-49","page","type-page","status-publish","hentry"],"_hostinger_reach_plugin_has_subscription_block":false,"_hostinger_reach_plugin_is_elementor":false,"_links":{"self":[{"href":"https:\/\/www.jjkompiuteriai.lt\/en\/wp-json\/wp\/v2\/pages\/49","targetHints":{"allow":["GET"]}}],"collection":[{"href":"https:\/\/www.jjkompiuteriai.lt\/en\/wp-json\/wp\/v2\/pages"}],"about":[{"href":"https:\/\/www.jjkompiuteriai.lt\/en\/wp-json\/wp\/v2\/types\/page"}],"author":[{"embeddable":true,"href":"https:\/\/www.jjkompiuteriai.lt\/en\/wp-json\/wp\/v2\/users\/1"}],"replies":[{"embeddable":true,"href":"https:\/\/www.jjkompiuteriai.lt\/en\/wp-json\/wp\/v2\/comments?post=49"}],"version-history":[{"count":8,"href":"https:\/\/www.jjkompiuteriai.lt\/en\/wp-json\/wp\/v2\/pages\/49\/revisions"}],"predecessor-version":[{"id":118,"href":"https:\/\/www.jjkompiuteriai.lt\/en\/wp-json\/wp\/v2\/pages\/49\/revisions\/118"}],"wp:attachment":[{"href":"https:\/\/www.jjkompiuteriai.lt\/en\/wp-json\/wp\/v2\/media?parent=49"}],"curies":[{"name":"wp","href":"https:\/\/api.w.org\/{rel}","templated":true}]}}