{"id":47,"date":"2026-05-07T08:23:04","date_gmt":"2026-05-07T08:23:04","guid":{"rendered":"https:\/\/mediumspringgreen-swan-908339.hostingersite.com\/pagrindinis\/"},"modified":"2026-05-11T10:36:55","modified_gmt":"2026-05-11T10:36:55","slug":"pagrindinis","status":"publish","type":"page","link":"https:\/\/www.jjkompiuteriai.lt\/en\/","title":{"rendered":"Main"},"content":{"rendered":"<div data-elementor-type=\"wp-page\" data-elementor-id=\"47\" class=\"elementor elementor-47\">\n\t\t\t\t<div data-aos=\"fade-up\" class=\"hostinger-elementor-aos elementor-element elementor-element-07fe42a hostinger-ai-hero-for-online-store-5 hostinger-ai-background-image e-flex e-con-boxed e-con e-parent\" data-id=\"07fe42a\" data-element_type=\"container\" data-e-type=\"container\" data-settings=\"{&quot;background_background&quot;:&quot;classic&quot;}\">\n\t\t\t\t\t<div class=\"e-con-inner\">\n\t\t<div data-aos=\"fade-up\" class=\"hostinger-elementor-aos elementor-element elementor-element-4df0c5f e-con-full e-flex e-con e-child\" data-id=\"4df0c5f\" data-element_type=\"container\" data-e-type=\"container\">\n\t\t\t\t<div class=\"elementor-element elementor-element-552c703 hostinger-ai-subtitle hostinger-index-5 elementor-widget elementor-widget-heading\" data-id=\"552c703\" data-element_type=\"widget\" data-e-type=\"widget\" data-widget_type=\"heading.default\">\n\t\t\t\t\t<p class=\"elementor-heading-title elementor-size-default\">THE ONLY ONE<\/p>\t\t\t\t<\/div>\n\t\t\t\t<div class=\"elementor-element elementor-element-25adc73 hostinger-ai-title hostinger-index-5 hostinger-ai-font-title elementor-widget elementor-widget-heading\" data-id=\"25adc73\" data-element_type=\"widget\" data-e-type=\"widget\" data-widget_type=\"heading.default\">\n\t\t\t\t\t<h2 class=\"elementor-heading-title elementor-size-default\">Used computers<\/h2>\t\t\t\t<\/div>\n\t\t\t\t<div class=\"elementor-element elementor-element-43ed9d8 hostinger-ai-description hostinger-index-0 elementor-widget elementor-widget-text-editor\" data-id=\"43ed9d8\" data-element_type=\"widget\" data-e-type=\"widget\" data-widget_type=\"text-editor.default\">\n\t\t\t\t\t\t\t\t\tReliable, tested, and ready-to-work computers at a good price.\t\t\t\t\t\t\t\t<\/div>\n\t\t<div data-aos=\"fade-up\" class=\"hostinger-elementor-aos elementor-element elementor-element-491acf8 e-flex e-con-boxed e-con e-child\" data-id=\"491acf8\" data-element_type=\"container\" data-e-type=\"container\">\n\t\t\t\t\t<div class=\"e-con-inner\">\n\t\t\t\t<div class=\"elementor-element elementor-element-7274cd5 hostinger-ai-cta-button hostinger-index-6 elementor-widget elementor-widget-button\" data-id=\"7274cd5\" data-element_type=\"widget\" data-e-type=\"widget\" data-widget_type=\"button.default\">\n\t\t\t\t\t\t\t\t\t\t<a class=\"elementor-button elementor-button-link elementor-size-sm\" href=\"https:\/\/www.jjkompiuteriai.lt\/en\/parduotuve\/?v=d91af6958918\">\n\t\t\t\t\t\t<span class=\"elementor-button-content-wrapper\">\n\t\t\t\t\t\t\t\t\t<span class=\"elementor-button-text\">Buy now<\/span>\n\t\t\t\t\t<\/span>\n\t\t\t\t\t<\/a>\n\t\t\t\t\t\t\t\t<\/div>\n\t\t\t\t<div class=\"elementor-element elementor-element-43e19e3 hostinger-ai-cta-button hostinger-index-7 elementor-widget elementor-widget-button\" data-id=\"43e19e3\" data-element_type=\"widget\" data-e-type=\"widget\" data-widget_type=\"button.default\">\n\t\t\t\t\t\t\t\t\t\t<a class=\"elementor-button elementor-button-link elementor-size-sm\" href=\"https:\/\/www.jjkompiuteriai.lt\/en\/kompiuteriu-remontas\/?v=d91af6958918\">\n\t\t\t\t\t\t<span class=\"elementor-button-content-wrapper\">\n\t\t\t\t\t\t\t\t\t<span class=\"elementor-button-text\">Repair<\/span>\n\t\t\t\t\t<\/span>\n\t\t\t\t\t<\/a>\n\t\t\t\t\t\t\t\t<\/div>\n\t\t\t\t\t<\/div>\n\t\t\t\t<\/div>\n\t\t\t\t<\/div>\n\t\t\t\t\t<\/div>\n\t\t\t\t<\/div>\n\t\t<div data-aos=\"fade-up\" class=\"hostinger-elementor-aos elementor-element elementor-element-4249ea0 e-grid hostinger-ai-product-category-4 e-con-boxed e-con e-parent\" data-id=\"4249ea0\" data-element_type=\"container\" data-e-type=\"container\">\n\t\t\t\t\t<div class=\"e-con-inner\">\n\t\t<div data-aos=\"fade-up\" class=\"hostinger-elementor-aos elementor-element elementor-element-c908bf6 e-con-full e-flex e-con e-child\" data-id=\"c908bf6\" data-element_type=\"container\" data-e-type=\"container\">\n\t\t<div data-aos=\"fade-up\" class=\"hostinger-elementor-aos elementor-element elementor-element-e8b26c9 e-con-full is-light has-white-color hostinger-ai-cover-image hostinger-index-9 e-flex e-con e-child\" data-id=\"e8b26c9\" data-element_type=\"container\" data-e-type=\"container\" data-settings=\"{&quot;background_background&quot;:&quot;classic&quot;}\">\n\t\t<div data-aos=\"fade-up\" class=\"hostinger-elementor-aos elementor-element elementor-element-76675c7 e-con-full e-flex e-con e-child\" data-id=\"76675c7\" data-element_type=\"container\" data-e-type=\"container\" data-settings=\"{&quot;position&quot;:&quot;absolute&quot;}\">\n\t\t\t\t<div class=\"elementor-element elementor-element-6f24577 hostinger-ai-subtitle hostinger-index-9 elementor-widget elementor-widget-heading\" data-id=\"6f24577\" data-element_type=\"widget\" data-e-type=\"widget\" data-widget_type=\"heading.default\">\n\t\t\t\t\t<h2 class=\"elementor-heading-title elementor-size-default\">Reliable quality<\/h2>\t\t\t\t<\/div>\n\t\t\t\t<div class=\"elementor-element elementor-element-c4367aa hostinger-ai-title hostinger-index-9 hostinger-ai-font-title elementor-widget elementor-widget-heading\" data-id=\"c4367aa\" data-element_type=\"widget\" data-e-type=\"widget\" data-widget_type=\"heading.default\">\n\t\t\t\t\t<h2 class=\"elementor-heading-title elementor-size-default\">Used computers<\/h2>\t\t\t\t<\/div>\n\t\t\t\t<div class=\"elementor-element elementor-element-b01f155 hostinger-ai-cta-button hostinger-index-9 elementor-widget elementor-widget-button\" data-id=\"b01f155\" data-element_type=\"widget\" data-e-type=\"widget\" data-widget_type=\"button.default\">\n\t\t\t\t\t\t\t\t\t\t<a class=\"elementor-button elementor-button-link elementor-size-sm\" href=\"https:\/\/www.jjkompiuteriai.lt\/en\/parduotuve\/?v=d91af6958918\">\n\t\t\t\t\t\t<span class=\"elementor-button-content-wrapper\">\n\t\t\t\t\t\t\t\t\t<span class=\"elementor-button-text\">View<\/span>\n\t\t\t\t\t<\/span>\n\t\t\t\t\t<\/a>\n\t\t\t\t\t\t\t\t<\/div>\n\t\t\t\t<\/div>\n\t\t\t\t<\/div>\n\t\t<div data-aos=\"fade-up\" class=\"hostinger-elementor-aos elementor-element elementor-element-1349706 e-con-full e-flex e-con e-child\" data-id=\"1349706\" data-element_type=\"container\" data-e-type=\"container\">\n\t\t<div data-aos=\"fade-up\" class=\"hostinger-elementor-aos elementor-element elementor-element-d6d297e e-con-full e-flex e-con e-child\" data-id=\"d6d297e\" data-element_type=\"container\" data-e-type=\"container\">\n\t\t<div data-aos=\"fade-up\" class=\"hostinger-elementor-aos elementor-element elementor-element-1a4d518 e-con-full is-light has-white-color hostinger-ai-cover-image hostinger-index-10 e-flex e-con e-child\" data-id=\"1a4d518\" data-element_type=\"container\" data-e-type=\"container\" data-settings=\"{&quot;background_background&quot;:&quot;classic&quot;}\">\n\t\t<div data-aos=\"fade-up\" class=\"hostinger-elementor-aos elementor-element elementor-element-cae428c e-con-full e-flex e-con e-child\" data-id=\"cae428c\" data-element_type=\"container\" data-e-type=\"container\" data-settings=\"{&quot;position&quot;:&quot;absolute&quot;}\">\n\t\t\t\t<div class=\"elementor-element elementor-element-ea1e9a7 hostinger-ai-title hostinger-index-6 hostinger-ai-font-title elementor-widget elementor-widget-heading\" data-id=\"ea1e9a7\" data-element_type=\"widget\" data-e-type=\"widget\" data-widget_type=\"heading.default\">\n\t\t\t\t\t<h2 class=\"elementor-heading-title elementor-size-default\">Daily<\/h2>\t\t\t\t<\/div>\n\t\t\t\t<\/div>\n\t\t\t\t<\/div>\n\t\t\t\t<\/div>\n\t\t<div data-aos=\"fade-up\" class=\"hostinger-elementor-aos elementor-element elementor-element-3f0c2d9 e-con-full e-flex e-con e-child\" data-id=\"3f0c2d9\" data-element_type=\"container\" data-e-type=\"container\">\n\t\t<div data-aos=\"fade-up\" class=\"hostinger-elementor-aos elementor-element elementor-element-c4f9953 e-con-full is-light has-white-color hostinger-ai-cover-image hostinger-index-11 e-flex e-con e-child\" data-id=\"c4f9953\" data-element_type=\"container\" data-e-type=\"container\" data-settings=\"{&quot;background_background&quot;:&quot;classic&quot;}\">\n\t\t<div data-aos=\"fade-up\" class=\"hostinger-elementor-aos elementor-element elementor-element-8e6c0ff e-con-full e-flex e-con e-child\" data-id=\"8e6c0ff\" data-element_type=\"container\" data-e-type=\"container\" data-settings=\"{&quot;position&quot;:&quot;absolute&quot;}\">\n\t\t\t\t<div class=\"elementor-element elementor-element-259954d hostinger-ai-title hostinger-index-11 hostinger-ai-font-title elementor-widget elementor-widget-heading\" data-id=\"259954d\" data-element_type=\"widget\" data-e-type=\"widget\" data-widget_type=\"heading.default\">\n\t\t\t\t\t<h2 class=\"elementor-heading-title elementor-size-default\">Computer repair<\/h2>\t\t\t\t<\/div>\n\t\t\t\t<\/div>\n\t\t\t\t<\/div>\n\t\t\t\t<\/div>\n\t\t\t\t<\/div>\n\t\t\t\t<\/div>\n\t\t\t\t\t<\/div>\n\t\t\t\t<\/div>\n\t\t<div data-aos=\"fade-up\" class=\"hostinger-elementor-aos elementor-element elementor-element-425a1bf e-flex e-con-boxed e-con e-parent\" data-id=\"425a1bf\" data-element_type=\"container\" data-e-type=\"container\" data-settings=\"{&quot;background_background&quot;:&quot;classic&quot;}\">\n\t\t\t\t\t<div class=\"e-con-inner\">\n\t\t<div data-aos=\"fade-up\" class=\"hostinger-elementor-aos elementor-element elementor-element-8eb3a11 e-con-full e-flex e-con e-child\" data-id=\"8eb3a11\" data-element_type=\"container\" data-e-type=\"container\">\n\t\t\t\t<div class=\"elementor-element elementor-element-2516ff0 hostinger-ai-title elementor-widget elementor-widget-heading\" data-id=\"2516ff0\" data-element_type=\"widget\" data-e-type=\"widget\" data-widget_type=\"heading.default\">\n\t\t\t\t\t<h2 class=\"elementor-heading-title elementor-size-default\">Discover now<\/h2>\t\t\t\t<\/div>\n\t\t\t\t<div class=\"elementor-element elementor-element-bb2189c elementor-widget__width-initial hostinger-ai-description elementor-widget elementor-widget-text-editor\" data-id=\"bb2189c\" data-element_type=\"widget\" data-e-type=\"widget\" data-widget_type=\"text-editor.default\">\n\t\t\t\t\t\t\t\t\tUsed computers worth giving a second life\u2014reliable quality at an affordable price.\t\t\t\t\t\t\t\t<\/div>\n\t\t\t\t<div class=\"elementor-element elementor-element-c0f4a8e hostinger-ai-cta-button hostinger-index-0 elementor-widget elementor-widget-button\" data-id=\"c0f4a8e\" data-element_type=\"widget\" data-e-type=\"widget\" data-widget_type=\"button.default\">\n\t\t\t\t\t\t\t\t\t\t<a class=\"elementor-button elementor-button-link elementor-size-sm\" href=\"https:\/\/mediumspringgreen-swan-908339.hostingersite.com\/product\/visas-viename\/\" target=\"_blank\" rel=\"noopener\">\n\t\t\t\t\t\t<span class=\"elementor-button-content-wrapper\">\n\t\t\t\t\t\t\t\t\t<span class=\"elementor-button-text\">Buy<\/span>\n\t\t\t\t\t<\/span>\n\t\t\t\t\t<\/a>\n\t\t\t\t\t\t\t\t<\/div>\n\t\t\t\t<\/div>\n\t\t\t\t\t<\/div>\n\t\t\t\t<\/div>\n\t\t<div data-aos=\"fade-up\" class=\"hostinger-elementor-aos elementor-element elementor-element-dee25c1 e-flex e-con-boxed e-con e-parent\" data-id=\"dee25c1\" data-element_type=\"container\" data-e-type=\"container\">\n\t\t\t\t\t<div class=\"e-con-inner\">\n\t\t<div data-aos=\"fade-up\" class=\"hostinger-elementor-aos elementor-element elementor-element-cefd32e e-con-full e-flex e-con e-child\" data-id=\"cefd32e\" data-element_type=\"container\" data-e-type=\"container\">\n\t\t\t\t<div class=\"elementor-element elementor-element-131b341 elementor-position-top elementor-widget elementor-widget-image-box\" data-id=\"131b341\" data-element_type=\"widget\" data-e-type=\"widget\" data-widget_type=\"image-box.default\">\n\t\t\t\t\t<div class=\"elementor-image-box-wrapper\"><figure class=\"elementor-image-box-img\"><a href=\"https:\/\/www.jjkompiuteriai.lt\/en\/parduotuve\/?v=d91af6958918\" tabindex=\"-1\"><img fetchpriority=\"high\" decoding=\"async\" width=\"1536\" height=\"1024\" src=\"https:\/\/www.jjkompiuteriai.lt\/wp-content\/uploads\/2026\/05\/ChatGPT-Image-May-11-2026-12_03_20-PM.png\" class=\"attachment-full size-full wp-image-337\" alt=\"\" srcset=\"https:\/\/www.jjkompiuteriai.lt\/wp-content\/uploads\/2026\/05\/ChatGPT-Image-May-11-2026-12_03_20-PM.png 1536w, https:\/\/www.jjkompiuteriai.lt\/wp-content\/uploads\/2026\/05\/ChatGPT-Image-May-11-2026-12_03_20-PM-300x200.png 300w, https:\/\/www.jjkompiuteriai.lt\/wp-content\/uploads\/2026\/05\/ChatGPT-Image-May-11-2026-12_03_20-PM-1024x683.png 1024w, https:\/\/www.jjkompiuteriai.lt\/wp-content\/uploads\/2026\/05\/ChatGPT-Image-May-11-2026-12_03_20-PM-768x512.png 768w, https:\/\/www.jjkompiuteriai.lt\/wp-content\/uploads\/2026\/05\/ChatGPT-Image-May-11-2026-12_03_20-PM-18x12.png 18w, https:\/\/www.jjkompiuteriai.lt\/wp-content\/uploads\/2026\/05\/ChatGPT-Image-May-11-2026-12_03_20-PM-600x400.png 600w\" sizes=\"(max-width: 1536px) 100vw, 1536px\" \/><\/a><\/figure><div class=\"elementor-image-box-content\"><h3 class=\"elementor-image-box-title\"><a href=\"https:\/\/www.jjkompiuteriai.lt\/en\/parduotuve\/?v=d91af6958918\">Naudoti Macbook<\/a><\/h3><p class=\"elementor-image-box-description\">Apple macbook darbui ir mokslams<\/p><\/div><\/div>\t\t\t\t<\/div>\n\t\t\t\t<\/div>\n\t\t<div data-aos=\"fade-up\" class=\"hostinger-elementor-aos elementor-element elementor-element-ad1ae38 e-con-full e-flex e-con e-child\" data-id=\"ad1ae38\" data-element_type=\"container\" data-e-type=\"container\">\n\t\t\t\t<div class=\"elementor-element elementor-element-7f3f7de elementor-position-top elementor-widget elementor-widget-image-box\" data-id=\"7f3f7de\" data-element_type=\"widget\" data-e-type=\"widget\" data-widget_type=\"image-box.default\">\n\t\t\t\t\t<div class=\"elementor-image-box-wrapper\"><figure class=\"elementor-image-box-img\"><a href=\"https:\/\/www.jjkompiuteriai.lt\/en\/naudoti-thinkpad-kaune\/?v=d91af6958918\" tabindex=\"-1\"><img decoding=\"async\" width=\"1536\" height=\"1024\" src=\"https:\/\/www.jjkompiuteriai.lt\/wp-content\/uploads\/2026\/05\/ChatGPT-Image-May-11-2026-12_28_47-PM.png\" class=\"attachment-full size-full wp-image-338\" alt=\"\" srcset=\"https:\/\/www.jjkompiuteriai.lt\/wp-content\/uploads\/2026\/05\/ChatGPT-Image-May-11-2026-12_28_47-PM.png 1536w, https:\/\/www.jjkompiuteriai.lt\/wp-content\/uploads\/2026\/05\/ChatGPT-Image-May-11-2026-12_28_47-PM-300x200.png 300w, https:\/\/www.jjkompiuteriai.lt\/wp-content\/uploads\/2026\/05\/ChatGPT-Image-May-11-2026-12_28_47-PM-1024x683.png 1024w, https:\/\/www.jjkompiuteriai.lt\/wp-content\/uploads\/2026\/05\/ChatGPT-Image-May-11-2026-12_28_47-PM-768x512.png 768w, https:\/\/www.jjkompiuteriai.lt\/wp-content\/uploads\/2026\/05\/ChatGPT-Image-May-11-2026-12_28_47-PM-18x12.png 18w, https:\/\/www.jjkompiuteriai.lt\/wp-content\/uploads\/2026\/05\/ChatGPT-Image-May-11-2026-12_28_47-PM-600x400.png 600w\" sizes=\"(max-width: 1536px) 100vw, 1536px\" \/><\/a><\/figure><div class=\"elementor-image-box-content\"><h3 class=\"elementor-image-box-title\"><a href=\"https:\/\/www.jjkompiuteriai.lt\/en\/naudoti-thinkpad-kaune\/?v=d91af6958918\">Naudoti ThinkPad<\/a><\/h3><p class=\"elementor-image-box-description\">Patikimi Lenovo ThinkPad darbui<\/p><\/div><\/div>\t\t\t\t<\/div>\n\t\t\t\t<\/div>\n\t\t<div data-aos=\"fade-up\" class=\"hostinger-elementor-aos elementor-element elementor-element-d4f8b40 e-con-full e-flex e-con e-child\" data-id=\"d4f8b40\" data-element_type=\"container\" data-e-type=\"container\">\n\t\t\t\t<div class=\"elementor-element elementor-element-7d807f6 elementor-position-top elementor-widget elementor-widget-image-box\" data-id=\"7d807f6\" data-element_type=\"widget\" data-e-type=\"widget\" data-widget_type=\"image-box.default\">\n\t\t\t\t\t<div class=\"elementor-image-box-wrapper\"><figure class=\"elementor-image-box-img\"><a href=\"https:\/\/www.jjkompiuteriai.lt\/en\/gaming-kompiuteriai-kaune\/?v=d91af6958918\" tabindex=\"-1\"><img decoding=\"async\" width=\"1536\" height=\"1024\" src=\"https:\/\/www.jjkompiuteriai.lt\/wp-content\/uploads\/2026\/05\/ChatGPT-Image-May-11-2026-12_32_22-PM.png\" class=\"attachment-full size-full wp-image-339\" alt=\"\" srcset=\"https:\/\/www.jjkompiuteriai.lt\/wp-content\/uploads\/2026\/05\/ChatGPT-Image-May-11-2026-12_32_22-PM.png 1536w, https:\/\/www.jjkompiuteriai.lt\/wp-content\/uploads\/2026\/05\/ChatGPT-Image-May-11-2026-12_32_22-PM-300x200.png 300w, https:\/\/www.jjkompiuteriai.lt\/wp-content\/uploads\/2026\/05\/ChatGPT-Image-May-11-2026-12_32_22-PM-1024x683.png 1024w, https:\/\/www.jjkompiuteriai.lt\/wp-content\/uploads\/2026\/05\/ChatGPT-Image-May-11-2026-12_32_22-PM-768x512.png 768w, https:\/\/www.jjkompiuteriai.lt\/wp-content\/uploads\/2026\/05\/ChatGPT-Image-May-11-2026-12_32_22-PM-18x12.png 18w, https:\/\/www.jjkompiuteriai.lt\/wp-content\/uploads\/2026\/05\/ChatGPT-Image-May-11-2026-12_32_22-PM-600x400.png 600w\" sizes=\"(max-width: 1536px) 100vw, 1536px\" \/><\/a><\/figure><div class=\"elementor-image-box-content\"><h3 class=\"elementor-image-box-title\"><a href=\"https:\/\/www.jjkompiuteriai.lt\/en\/gaming-kompiuteriai-kaune\/?v=d91af6958918\">Gaming ne\u0161iojami<\/a><\/h3><p class=\"elementor-image-box-description\">Galingi laptopai \u017eaidimams<\/p><\/div><\/div>\t\t\t\t<\/div>\n\t\t\t\t<\/div>\n\t\t<div data-aos=\"fade-up\" class=\"hostinger-elementor-aos elementor-element elementor-element-b534215 e-con-full e-flex e-con e-child\" data-id=\"b534215\" data-element_type=\"container\" data-e-type=\"container\">\n\t\t\t\t<div class=\"elementor-element elementor-element-a503a5b elementor-position-top elementor-widget elementor-widget-image-box\" data-id=\"a503a5b\" data-element_type=\"widget\" data-e-type=\"widget\" data-widget_type=\"image-box.default\">\n\t\t\t\t\t<div class=\"elementor-image-box-wrapper\"><figure class=\"elementor-image-box-img\"><a href=\"https:\/\/www.jjkompiuteriai.lt\/en\/kompiuteriu-remontas-kaune\/?v=d91af6958918\" tabindex=\"-1\"><img loading=\"lazy\" decoding=\"async\" width=\"1536\" height=\"1024\" src=\"https:\/\/www.jjkompiuteriai.lt\/wp-content\/uploads\/2026\/05\/ChatGPT-Image-May-11-2026-12_37_05-PM.png\" class=\"attachment-full size-full wp-image-340\" alt=\"\" srcset=\"https:\/\/www.jjkompiuteriai.lt\/wp-content\/uploads\/2026\/05\/ChatGPT-Image-May-11-2026-12_37_05-PM.png 1536w, https:\/\/www.jjkompiuteriai.lt\/wp-content\/uploads\/2026\/05\/ChatGPT-Image-May-11-2026-12_37_05-PM-300x200.png 300w, https:\/\/www.jjkompiuteriai.lt\/wp-content\/uploads\/2026\/05\/ChatGPT-Image-May-11-2026-12_37_05-PM-1024x683.png 1024w, https:\/\/www.jjkompiuteriai.lt\/wp-content\/uploads\/2026\/05\/ChatGPT-Image-May-11-2026-12_37_05-PM-768x512.png 768w, https:\/\/www.jjkompiuteriai.lt\/wp-content\/uploads\/2026\/05\/ChatGPT-Image-May-11-2026-12_37_05-PM-18x12.png 18w, https:\/\/www.jjkompiuteriai.lt\/wp-content\/uploads\/2026\/05\/ChatGPT-Image-May-11-2026-12_37_05-PM-600x400.png 600w\" sizes=\"(max-width: 1536px) 100vw, 1536px\" \/><\/a><\/figure><div class=\"elementor-image-box-content\"><h3 class=\"elementor-image-box-title\"><a href=\"https:\/\/www.jjkompiuteriai.lt\/en\/kompiuteriu-remontas-kaune\/?v=d91af6958918\">Computer repair<\/a><\/h3><p class=\"elementor-image-box-description\">Stalini\u0173 ir ne\u0161iojamu kompiuteriu remontas Kaune<\/p><\/div><\/div>\t\t\t\t<\/div>\n\t\t\t\t<\/div>\n\t\t\t\t\t<\/div>\n\t\t\t\t<\/div>\n\t\t\t\t<div class=\"elementor-element elementor-element-3a8cf6e e-con e-atomic-element e-flexbox-base\" data-id=\"3a8cf6e\" data-element_type=\"e-flexbox\" data-e-type=\"e-flexbox\" data-interaction-id=\"3a8cf6e\">\n\t\t\t\t\t\t\t\t<p class=\"e-paragraph-base\" data-interaction-id=\"47e7423\"  >\n\t\t\t\t\t\t\t\tType your paragraph here\n\t\t\t\t\t<\/p>\n\t\t\t\t<\/div>\n\t\t\t\t<\/div>","protected":false},"excerpt":{"rendered":"<p>THE ONLY ONE Naudoti kompiuteriai Patikimi, patikrinti ir paruo\u0161ti darbui kompiuteriai u\u017e ger\u0105 kain\u0105. Pirkti dabar Remontas Patikima kokyb\u0117 Naudoti kompiuteriai Per\u017ei\u016br\u0117ti Dalys Kompiuteri\u0173 remontas Atrask dabar Naudoti kompiuteriai, kuriems verta suteikti antr\u0105 gyvenim\u0105 \u2013 patikima kokyb\u0117 u\u017e prieinam\u0105 kain\u0105. Pirkti Naudoti Macbook Apple macbook darbui ir mokslams Naudoti ThinkPad Patikimi Lenovo ThinkPad darbui Gaming [&hellip;]<\/p>\n","protected":false},"author":1,"featured_media":0,"parent":0,"menu_order":0,"comment_status":"closed","ping_status":"closed","template":"","meta":{"footnotes":""},"class_list":["post-47","page","type-page","status-publish","hentry"],"_hostinger_reach_plugin_has_subscription_block":false,"_hostinger_reach_plugin_is_elementor":false,"_links":{"self":[{"href":"https:\/\/www.jjkompiuteriai.lt\/en\/wp-json\/wp\/v2\/pages\/47","targetHints":{"allow":["GET"]}}],"collection":[{"href":"https:\/\/www.jjkompiuteriai.lt\/en\/wp-json\/wp\/v2\/pages"}],"about":[{"href":"https:\/\/www.jjkompiuteriai.lt\/en\/wp-json\/wp\/v2\/types\/page"}],"author":[{"embeddable":true,"href":"https:\/\/www.jjkompiuteriai.lt\/en\/wp-json\/wp\/v2\/users\/1"}],"replies":[{"embeddable":true,"href":"https:\/\/www.jjkompiuteriai.lt\/en\/wp-json\/wp\/v2\/comments?post=47"}],"version-history":[{"count":24,"href":"https:\/\/www.jjkompiuteriai.lt\/en\/wp-json\/wp\/v2\/pages\/47\/revisions"}],"predecessor-version":[{"id":343,"href":"https:\/\/www.jjkompiuteriai.lt\/en\/wp-json\/wp\/v2\/pages\/47\/revisions\/343"}],"wp:attachment":[{"href":"https:\/\/www.jjkompiuteriai.lt\/en\/wp-json\/wp\/v2\/media?parent=47"}],"curies":[{"name":"wp","href":"https:\/\/api.w.org\/{rel}","templated":true}]}}