{"id":323,"date":"2026-05-11T07:23:45","date_gmt":"2026-05-11T07:23:45","guid":{"rendered":"https:\/\/www.jjkompiuteriai.lt\/?page_id=323"},"modified":"2026-05-11T07:24:53","modified_gmt":"2026-05-11T07:24:53","slug":"gaming-kompiuteriai-kaune","status":"publish","type":"page","link":"https:\/\/www.jjkompiuteriai.lt\/en\/gaming-kompiuteriai-kaune\/","title":{"rendered":"Gaming kompiuteriai Kaune"},"content":{"rendered":"<p>Parduodame gaming ne\u0161iojamus kompiuterius Kaune.<\/p>\n\n\n\n<p>Turime \u012fvairi\u0173 modeli\u0173 \u017eaidimams, darbui ir k\u016brybai:<\/p>\n\n\n\n<ul class=\"wp-block-list\">\n<li>ASUS ROG<\/li>\n\n\n\n<li>Lenovo Legion<\/li>\n\n\n\n<li>MSI<\/li>\n\n\n\n<li>Acer Nitro<\/li>\n\n\n\n<li>HP Omen<\/li>\n<\/ul>\n\n\n\n<p>Gaming laptopai puikiai tinka:<\/p>\n\n\n\n<ul class=\"wp-block-list\">\n<li>CS2<\/li>\n\n\n\n<li>GTA V \/ FiveM<\/li>\n\n\n\n<li>Warzone<\/li>\n\n\n\n<li>Fortnite<\/li>\n\n\n\n<li>video montavimui<\/li>\n\n\n\n<li>programavimui<\/li>\n<\/ul>\n\n\n\n<p>Visi kompiuteriai:<\/p>\n\n\n\n<ul class=\"wp-block-list\">\n<li>pilnai patikrinti<\/li>\n\n\n\n<li>i\u0161valyti<\/li>\n\n\n\n<li>paruo\u0161ti naudojimui<\/li>\n<\/ul>\n\n\n\n<p>Galimas siuntimas visoje Lietuvoje.<\/p>\n\n\n\n<div class=\"wp-block-buttons is-layout-flex wp-block-buttons-is-layout-flex\">\n<div class=\"wp-block-button\"><a class=\"wp-block-button__link wp-element-button\" href=\"https:\/\/www.jjkompiuteriai.lt\/en\/parduotuve\/?v=d91af6958918\">Rinktis<\/a><\/div>\n<\/div>\n\n\n\n<figure class=\"wp-block-image size-large\"><img fetchpriority=\"high\" decoding=\"async\" width=\"1024\" height=\"683\" src=\"https:\/\/www.jjkompiuteriai.lt\/wp-content\/uploads\/2026\/05\/ChatGPT-Image-May-11-2026-10_21_58-AM-1024x683.png\" alt=\"\" class=\"wp-image-324\" srcset=\"https:\/\/www.jjkompiuteriai.lt\/wp-content\/uploads\/2026\/05\/ChatGPT-Image-May-11-2026-10_21_58-AM-1024x683.png 1024w, https:\/\/www.jjkompiuteriai.lt\/wp-content\/uploads\/2026\/05\/ChatGPT-Image-May-11-2026-10_21_58-AM-300x200.png 300w, https:\/\/www.jjkompiuteriai.lt\/wp-content\/uploads\/2026\/05\/ChatGPT-Image-May-11-2026-10_21_58-AM-768x512.png 768w, https:\/\/www.jjkompiuteriai.lt\/wp-content\/uploads\/2026\/05\/ChatGPT-Image-May-11-2026-10_21_58-AM-18x12.png 18w, https:\/\/www.jjkompiuteriai.lt\/wp-content\/uploads\/2026\/05\/ChatGPT-Image-May-11-2026-10_21_58-AM-600x400.png 600w, https:\/\/www.jjkompiuteriai.lt\/wp-content\/uploads\/2026\/05\/ChatGPT-Image-May-11-2026-10_21_58-AM.png 1536w\" sizes=\"(max-width: 1024px) 100vw, 1024px\" \/><\/figure>","protected":false},"excerpt":{"rendered":"<p>Parduodame gaming ne\u0161iojamus kompiuterius Kaune. Turime \u012fvairi\u0173 modeli\u0173 \u017eaidimams, darbui ir k\u016brybai: Gaming laptopai puikiai tinka: Visi kompiuteriai: Galimas siuntimas visoje Lietuvoje.<\/p>","protected":false},"author":1,"featured_media":0,"parent":0,"menu_order":0,"comment_status":"closed","ping_status":"closed","template":"","meta":{"footnotes":""},"class_list":["post-323","page","type-page","status-publish","hentry"],"_hostinger_reach_plugin_has_subscription_block":false,"_hostinger_reach_plugin_is_elementor":false,"_links":{"self":[{"href":"https:\/\/www.jjkompiuteriai.lt\/en\/wp-json\/wp\/v2\/pages\/323","targetHints":{"allow":["GET"]}}],"collection":[{"href":"https:\/\/www.jjkompiuteriai.lt\/en\/wp-json\/wp\/v2\/pages"}],"about":[{"href":"https:\/\/www.jjkompiuteriai.lt\/en\/wp-json\/wp\/v2\/types\/page"}],"author":[{"embeddable":true,"href":"https:\/\/www.jjkompiuteriai.lt\/en\/wp-json\/wp\/v2\/users\/1"}],"replies":[{"embeddable":true,"href":"https:\/\/www.jjkompiuteriai.lt\/en\/wp-json\/wp\/v2\/comments?post=323"}],"version-history":[{"count":1,"href":"https:\/\/www.jjkompiuteriai.lt\/en\/wp-json\/wp\/v2\/pages\/323\/revisions"}],"predecessor-version":[{"id":325,"href":"https:\/\/www.jjkompiuteriai.lt\/en\/wp-json\/wp\/v2\/pages\/323\/revisions\/325"}],"wp:attachment":[{"href":"https:\/\/www.jjkompiuteriai.lt\/en\/wp-json\/wp\/v2\/media?parent=323"}],"curies":[{"name":"wp","href":"https:\/\/api.w.org\/{rel}","templated":true}]}}