{"id":319,"date":"2026-05-11T07:14:56","date_gmt":"2026-05-11T07:14:56","guid":{"rendered":"https:\/\/www.jjkompiuteriai.lt\/?page_id=319"},"modified":"2026-05-11T07:16:12","modified_gmt":"2026-05-11T07:16:12","slug":"naudoti-thinkpad-kaune","status":"publish","type":"page","link":"https:\/\/www.jjkompiuteriai.lt\/en\/naudoti-thinkpad-kaune\/","title":{"rendered":"Naudoti ThinkPad Kaune"},"content":{"rendered":"<p>Parduodame naudotus Lenovo ThinkPad ne\u0161iojamus kompiuterius Kaune.<\/p>\n\n\n\n<p>Turime \u012fvairi\u0173 modeli\u0173:<\/p>\n\n\n\n<ul class=\"wp-block-list\">\n<li>ThinkPad T serija<\/li>\n\n\n\n<li>ThinkPad X serija<\/li>\n\n\n\n<li>ThinkPad L serija<\/li>\n<\/ul>\n\n\n\n<p>ThinkPad kompiuteriai vertinami d\u0117l:<\/p>\n\n\n\n<ul class=\"wp-block-list\">\n<li>patikimumo<\/li>\n\n\n\n<li>ilgaam\u017ei\u0161kumo<\/li>\n\n\n\n<li>patogios klaviat\u016bros<\/li>\n\n\n\n<li>gero veikimo darbui ir mokslams<\/li>\n<\/ul>\n\n\n\n<p>Visi kompiuteriai:<\/p>\n\n\n\n<ul class=\"wp-block-list\">\n<li>pilnai patikrinti<\/li>\n\n\n\n<li>i\u0161valyti<\/li>\n\n\n\n<li>paruo\u0161ti naudojimui<\/li>\n<\/ul>\n\n\n\n<p>Galimas siuntimas visoje Lietuvoje.<\/p>\n\n\n\n<div class=\"wp-block-buttons is-layout-flex wp-block-buttons-is-layout-flex\">\n<div class=\"wp-block-button\"><a class=\"wp-block-button__link wp-element-button\" href=\"https:\/\/www.jjkompiuteriai.lt\/en\/parduotuve\/?v=d91af6958918\">Rinktis<\/a><\/div>\n<\/div>\n\n\n\n<figure class=\"wp-block-image size-large\"><img fetchpriority=\"high\" decoding=\"async\" width=\"1024\" height=\"768\" src=\"https:\/\/www.jjkompiuteriai.lt\/wp-content\/uploads\/2026\/05\/ChatGPT-Image-May-11-2026-10_14_11-AM-1024x768.png\" alt=\"\" class=\"wp-image-320\" srcset=\"https:\/\/www.jjkompiuteriai.lt\/wp-content\/uploads\/2026\/05\/ChatGPT-Image-May-11-2026-10_14_11-AM-1024x768.png 1024w, https:\/\/www.jjkompiuteriai.lt\/wp-content\/uploads\/2026\/05\/ChatGPT-Image-May-11-2026-10_14_11-AM-300x225.png 300w, https:\/\/www.jjkompiuteriai.lt\/wp-content\/uploads\/2026\/05\/ChatGPT-Image-May-11-2026-10_14_11-AM-768x576.png 768w, https:\/\/www.jjkompiuteriai.lt\/wp-content\/uploads\/2026\/05\/ChatGPT-Image-May-11-2026-10_14_11-AM-16x12.png 16w, https:\/\/www.jjkompiuteriai.lt\/wp-content\/uploads\/2026\/05\/ChatGPT-Image-May-11-2026-10_14_11-AM-600x450.png 600w, https:\/\/www.jjkompiuteriai.lt\/wp-content\/uploads\/2026\/05\/ChatGPT-Image-May-11-2026-10_14_11-AM.png 1448w\" sizes=\"(max-width: 1024px) 100vw, 1024px\" \/><\/figure>\n\n\n\n<p><\/p>","protected":false},"excerpt":{"rendered":"<p>Parduodame naudotus Lenovo ThinkPad ne\u0161iojamus kompiuterius Kaune. Turime \u012fvairi\u0173 modeli\u0173: ThinkPad kompiuteriai vertinami d\u0117l: Visi kompiuteriai: Galimas siuntimas visoje Lietuvoje.<\/p>","protected":false},"author":1,"featured_media":0,"parent":0,"menu_order":0,"comment_status":"closed","ping_status":"closed","template":"","meta":{"footnotes":""},"class_list":["post-319","page","type-page","status-publish","hentry"],"_hostinger_reach_plugin_has_subscription_block":false,"_hostinger_reach_plugin_is_elementor":false,"_links":{"self":[{"href":"https:\/\/www.jjkompiuteriai.lt\/en\/wp-json\/wp\/v2\/pages\/319","targetHints":{"allow":["GET"]}}],"collection":[{"href":"https:\/\/www.jjkompiuteriai.lt\/en\/wp-json\/wp\/v2\/pages"}],"about":[{"href":"https:\/\/www.jjkompiuteriai.lt\/en\/wp-json\/wp\/v2\/types\/page"}],"author":[{"embeddable":true,"href":"https:\/\/www.jjkompiuteriai.lt\/en\/wp-json\/wp\/v2\/users\/1"}],"replies":[{"embeddable":true,"href":"https:\/\/www.jjkompiuteriai.lt\/en\/wp-json\/wp\/v2\/comments?post=319"}],"version-history":[{"count":1,"href":"https:\/\/www.jjkompiuteriai.lt\/en\/wp-json\/wp\/v2\/pages\/319\/revisions"}],"predecessor-version":[{"id":321,"href":"https:\/\/www.jjkompiuteriai.lt\/en\/wp-json\/wp\/v2\/pages\/319\/revisions\/321"}],"wp:attachment":[{"href":"https:\/\/www.jjkompiuteriai.lt\/en\/wp-json\/wp\/v2\/media?parent=319"}],"curies":[{"name":"wp","href":"https:\/\/api.w.org\/{rel}","templated":true}]}}