{"id":300,"date":"2026-05-11T06:14:40","date_gmt":"2026-05-11T06:14:40","guid":{"rendered":"https:\/\/www.jjkompiuteriai.lt\/?page_id=300"},"modified":"2026-05-11T06:28:13","modified_gmt":"2026-05-11T06:28:13","slug":"kompiuteriu-remontas-kaune","status":"publish","type":"page","link":"https:\/\/www.jjkompiuteriai.lt\/en\/kompiuteriu-remontas-kaune\/","title":{"rendered":"Kompiuteri\u0173 remontas Kaune"},"content":{"rendered":"<div data-elementor-type=\"wp-page\" data-elementor-id=\"300\" class=\"elementor elementor-300\">\n\t\t\t\t<div data-aos=\"fade-up\" class=\"hostinger-elementor-aos elementor-element elementor-element-6b102dba e-flex e-con-boxed e-con e-parent\" data-id=\"6b102dba\" data-element_type=\"container\" data-e-type=\"container\">\n\t\t\t\t\t<div class=\"e-con-inner\">\n\t\t\t\t<div class=\"elementor-element elementor-element-7d480a9e elementor-widget elementor-widget-text-editor\" data-id=\"7d480a9e\" data-element_type=\"widget\" data-e-type=\"widget\" data-widget_type=\"text-editor.default\">\n\t\t\t\t\t\t\t\t\t\n<p>Atliekame kompiuteri\u0173 ir ne\u0161iojam\u0173 kompiuteri\u0173 remont\u0105 Kaune.<\/p>\n\n\n\n<p>Remontuojame:<\/p>\n\n\n\n<ul class=\"wp-block-list\">\n<li>Apple MacBook<\/li>\n\n\n\n<li>Lenovo ThinkPad<\/li>\n\n\n\n<li>Dell<\/li>\n\n\n\n<li>HP<\/li>\n\n\n\n<li>ASUS<\/li>\n\n\n\n<li>Acer<\/li>\n<\/ul>\n\n\n\n<p>Atliekamos paslaugos:<\/p>\n\n\n\n<ul class=\"wp-block-list\">\n<li>au\u0161inimo valymas<\/li>\n\n\n\n<li>termopastos keitimas<\/li>\n\n\n\n<li>ekran\u0173 keitimas<\/li>\n\n\n\n<li>SSD atnaujinimai<\/li>\n\n\n\n<li>Windows perra\u0161ymas<\/li>\n\n\n\n<li>diagnostika<\/li>\n<\/ul>\n\n\n\n<p>Greitas aptarnavimas ir konsultacijos.<\/p>\n\n\n\n<p>Susisiekite telefonu arba per u\u017eklausos form\u0105.<\/p>\n\n\n\n<figure class=\"wp-block-image size-large\"><img fetchpriority=\"high\" decoding=\"async\" width=\"1024\" height=\"559\" src=\"https:\/\/www.jjkompiuteriai.lt\/wp-content\/uploads\/2026\/05\/darbo-stalo-foto-1024x559.png\" alt=\"\" class=\"wp-image-301\" srcset=\"https:\/\/www.jjkompiuteriai.lt\/wp-content\/uploads\/2026\/05\/darbo-stalo-foto-1024x559.png 1024w, https:\/\/www.jjkompiuteriai.lt\/wp-content\/uploads\/2026\/05\/darbo-stalo-foto-300x164.png 300w, https:\/\/www.jjkompiuteriai.lt\/wp-content\/uploads\/2026\/05\/darbo-stalo-foto-768x419.png 768w, https:\/\/www.jjkompiuteriai.lt\/wp-content\/uploads\/2026\/05\/darbo-stalo-foto-18x10.png 18w, https:\/\/www.jjkompiuteriai.lt\/wp-content\/uploads\/2026\/05\/darbo-stalo-foto-600x327.png 600w, https:\/\/www.jjkompiuteriai.lt\/wp-content\/uploads\/2026\/05\/darbo-stalo-foto.png 1408w\" sizes=\"(max-width: 1024px) 100vw, 1024px\" \/><\/figure>\n\t\t\t\t\t\t\t\t<\/div>\n\t\t\t\t\t<\/div>\n\t\t\t\t<\/div>\n\t\t\t\t<div class=\"elementor-element elementor-element-9bfca34 e-con e-atomic-element e-flexbox-base\" data-id=\"9bfca34\" data-element_type=\"e-flexbox\" data-e-type=\"e-flexbox\" data-interaction-id=\"9bfca34\">\n\t\t\t\t\t    \t            <a\n            href=\"https:\/\/www.jjkompiuteriai.lt\/en\/kompiuteriu-remontas\/?v=d91af6958918\" target=\"_self\"\n            class=\"e-button-base\"\n            data-interaction-id=\"181c4f3\"\n             \n        >\n            Pildyti u\u017eklausa\n        <\/a>\n    \t\t\t\t<\/div>\n\t\t\t\t<\/div>","protected":false},"excerpt":{"rendered":"<p>Atliekame kompiuteri\u0173 ir ne\u0161iojam\u0173 kompiuteri\u0173 remont\u0105 Kaune. Remontuojame: Atliekamos paslaugos: Greitas aptarnavimas ir konsultacijos. Susisiekite telefonu arba per u\u017eklausos form\u0105. Pildyti u\u017eklausa<\/p>","protected":false},"author":1,"featured_media":0,"parent":0,"menu_order":0,"comment_status":"closed","ping_status":"closed","template":"","meta":{"footnotes":""},"class_list":["post-300","page","type-page","status-publish","hentry"],"_hostinger_reach_plugin_has_subscription_block":false,"_hostinger_reach_plugin_is_elementor":false,"_links":{"self":[{"href":"https:\/\/www.jjkompiuteriai.lt\/en\/wp-json\/wp\/v2\/pages\/300","targetHints":{"allow":["GET"]}}],"collection":[{"href":"https:\/\/www.jjkompiuteriai.lt\/en\/wp-json\/wp\/v2\/pages"}],"about":[{"href":"https:\/\/www.jjkompiuteriai.lt\/en\/wp-json\/wp\/v2\/types\/page"}],"author":[{"embeddable":true,"href":"https:\/\/www.jjkompiuteriai.lt\/en\/wp-json\/wp\/v2\/users\/1"}],"replies":[{"embeddable":true,"href":"https:\/\/www.jjkompiuteriai.lt\/en\/wp-json\/wp\/v2\/comments?post=300"}],"version-history":[{"count":4,"href":"https:\/\/www.jjkompiuteriai.lt\/en\/wp-json\/wp\/v2\/pages\/300\/revisions"}],"predecessor-version":[{"id":306,"href":"https:\/\/www.jjkompiuteriai.lt\/en\/wp-json\/wp\/v2\/pages\/300\/revisions\/306"}],"wp:attachment":[{"href":"https:\/\/www.jjkompiuteriai.lt\/en\/wp-json\/wp\/v2\/media?parent=300"}],"curies":[{"name":"wp","href":"https:\/\/api.w.org\/{rel}","templated":true}]}}