{"id":295,"date":"2026-05-10T18:16:56","date_gmt":"2026-05-10T18:16:56","guid":{"rendered":"https:\/\/jjkompiuteriai.lt\/?page_id=295"},"modified":"2026-05-10T18:16:58","modified_gmt":"2026-05-10T18:16:58","slug":"privatumo-pilitika","status":"publish","type":"page","link":"https:\/\/www.jjkompiuteriai.lt\/en\/privatumo-pilitika\/","title":{"rendered":"Privatumo pilitika"},"content":{"rendered":"<h1>Privatumo politika<\/h1>\n<p>Paskutin\u012f kart\u0105 atnaujinta 2026-05-10<\/p>\n<h3>1. Privatumo politika<\/h3>\n<p>\u0160ioje privatumo politikoje paai\u0161kinta, kas mes esame, kod\u0117l ir kaip mes renkame ir dirbame suasmenintus duomenis, ir teises, kurias turite kaip Vartotojas, kai pateikiate mums bet koki\u0105 asmenin\u0119 informacij\u0105, taip pat kaip galite susisiekti su mumis, jei jums reikia tai padaryti.<\/p>\n<p>Mes pasiliekame teis\u0119 atnaujinti ir pakeisti \u0161i\u0105 privatumo politik\u0105 bet kuriuo metu ir d\u0117l bet kokios prie\u017easties.<\/p>\n<h3>2. Bendra informacija<\/h3>\n<p>Mes esame \u201ejjkompiuteriai.lt&#8221;. M\u016bs\u0173 kontaktin\u0117 informacija ir adresas pateikiami \u0161ios privatumo politikos apa\u010dioje. Mes esame j\u016bs\u0173 asmens duomen\u0173 galutiniai valdytojai ir tvarkome juos \u0161ioje politikoje nustatytomis s\u0105lygomis.<\/p>\n<p>\u0160i Privatumo politika i\u0161ai\u0161kina, kaip \u201ejjkompiuteriai.lt&#8221; naudoja j\u016bs\u0173 asmeninius duomenis bei pateikia prie\u017eastis j\u016bs\u0173 asmenini\u0173 duomen\u0173 rinkimui. D\u0117l to, prie\u0161 nar\u0161ant \u201ejjkompiuteriai.lt&#8221; svetain\u0117je, perskaitykite \u0161\u012f dokument\u0105.<\/p>\n<p>Mes u\u017etikriname j\u016bs\u0173 asmenini\u0173 duomen\u0173 saugum\u0105 ir konfidencialum\u0105.<\/p>\n<h3>3. Asmeniniai duomenys, kuriuos renkame:<\/h3>\n<p>Kuomet nar\u0161ote \u201ejjkompiuteriai.lt&#8221; svetain\u0117je, automati\u0161kai renkame tam tikr\u0105 informacij\u0105 apie j\u016bs\u0173 \u012frengin\u012f \u2013 nar\u0161ykl\u0117, IP adresas, laiko juosta ir j\u016bs\u0173 \u012frenginio slapukai. Taip pat renkame statistinius duomenis apie nar\u0161ym\u0105 svetain\u0117je: puslapiai, kuriuose apsilankote; produktai, kuriuos per\u017ei\u016brite bei kita svetain\u0117s nar\u0161ymo informacija. \u0160i\u0105 automati\u0161kai renkam\u0105 informacij\u0105 vadiname &#8222;\u012erenginio informacija&#8221;. Taip pat, galime rinkti asmeninius duomenis, kuriuos j\u016bs mums suteikiate (vardas, pavard\u0117, adresas, mok\u0117jimo informacija ir t.t.) sukurdami paskyr\u0105 m\u016bs\u0173 svetain\u0117je ar u\u017esisakin\u0117jant prekes.<\/p>\n<h3>4. Kod\u0117l renkame j\u016bs\u0173 duomenis?<\/h3>\n<p>J\u016bs\u0173 duomen\u0173 saugumas mums yra ypatingai svarbus, d\u0117l to renkame ir valdome tik b\u016btiniausius j\u016bs\u0173 asmeninius duomenis, be kuri\u0173 negal\u0117tume u\u017etikrinti sklandaus svetain\u0117s veikimo. Automati\u0161kai renkami duomenys yra naudojami svetain\u0117s analitikoje. Ta\u010diau u\u017etikriname, kad statistin\u0117je informacijoje ne\u012fmanoma atpa\u017einti konkre\u010di\u0173 vartotoj\u0173 tapatyb\u0117s.<\/p>\n<p>Galite apsilankyti m\u016bs\u0173 svetain\u0117je, nesuteikdami jokios informacijos, kuria b\u016bt\u0173 galima identifikuoti j\u016bs\u0173 asmens tapatyb\u0119. Ta\u010diau, jeigu nor\u0117site pasinaudoti m\u016bs\u0173 svetain\u0117s funkcijomis, arba nor\u0117site gauti m\u016bs\u0173 naujienlai\u0161k\u012f, supildysite m\u016bs\u0173 kontaktin\u0119 form\u0105, suteiksite mums savo asmeninius duomenis: el. pa\u0161to adres\u0105, vard\u0105, pavard\u0119, gyvenamosios vietos informacij\u0105, telefono numer\u012f. Turite pasirinkim\u0105 nesuteikti mums savo asmenini\u0173 duomen\u0173, ta\u010diau tokiu atveju negal\u0117site naudotis dauguma svetain\u0117s teikiam\u0173 funkcij\u0173. Svetain\u0117s lankytojai, ne\u017einantys, koki\u0105 informacij\u0105 privalome rinkti gali susisiekti su mumis el. pa\u0161tu info@jjkompiuteriai.lt<\/p>\n<h3>5. Koki\u0173 duomen\u0173 mes neapdorojame?<\/h3>\n<p>S\u0105moningai nepra\u0161ome ir nerenkame vaik\u0173 iki 13 met\u0173 am\u017eiaus asmens duomen\u0173 ir nesi\u016blome jiems savo paslaug\u0173. Jei su\u017einosime, kad asmuo iki 13 met\u0173 mums pateik\u0117 savo asmens duomenis be t\u0117v\u0173 sutikimo, imsim\u0117s vis\u0173 b\u016btin\u0173 priemoni\u0173, kad \u0161i informacija b\u016bt\u0173 i\u0161trinta.<\/p>\n<p>\u201ejjkompiuteriai.lt&#8221; rekomenduoja t\u0117vams ir glob\u0117jams pri\u017ei\u016br\u0117ti vaik\u0173 veiksmus internete.<\/p>\n<h3>6. Slapukai<\/h3>\n<p>Tam tikrais atvejais \u201ejjkompiuteriai.lt&#8221; ir partneri\u0173 tre\u010diosios \u0161alys gali automati\u0161kai rinkti duomenis naudodamos nar\u0161ykl\u0117s slapukus, \u017einiatinklio \u017eurnalus, interneto \u0161vyturius ir kitas pana\u0161ias programas bei priedus.<\/p>\n<p>\u0160i informacija naudojama analizuoti, pagerinti m\u016bs\u0173 svetain\u0117s patogum\u0105 ir efektyvum\u0105 bei pad\u0117ti mums pateikti jums aktuali\u0105 ir \u012fdomi\u0105 med\u017eiag\u0105 bei pasi\u016blymus.<\/p>\n<p>Papildoma informacija apie tai pateikiama m\u016bs\u0173 slapuk\u0173 politikoje.<\/p>\n<h3>7. Duomen\u0173 apsauga<\/h3>\n<p>J\u016bs\u0173 asmenini\u0173 duomen\u0173 apsaugai pasitelkiame auk\u0161\u010diausios kokyb\u0117s serverius, kuri gali pasiekti tik \u012fgalioti asmenys. Mes reguliariai stebime savo sistemas, nor\u0117dami nustatyti, ar n\u0117ra koki\u0173 nors silpn\u0173 viet\u0173 ar apsaugos atak\u0173, kuri\u0173 metu gal\u0117t\u0173 nukent\u0117ti j\u016bs\u0173 asmeniniai duomenys.<\/p>\n<h3>8. Duomen\u0173 atskleidimas<\/h3>\n<p>\u012estatymo numatyta tvarka, pasiliekame teis\u0119 atskleisti j\u016bs\u0173 asmeninius duomenis, jei reikt\u0173 apginti savo teises, savo ir aplinkini\u0173 saugum\u0105, i\u0161tirti nusikaltim\u0105 arba atsakyti \u012f vyriausyb\u0117s pra\u0161ym\u0105 atskleisti j\u016bs\u0173 asmeninius duomenis.<\/p>\n<h3>9. Kontaktai<\/h3>\n<p>Jei turite klausim\u0173 d\u0117l \u0161ios privatumo politikos, galite susisiekti su mumis:<\/p>\n<ul><li>info@jjkompiuteriai.lt<\/li><li>+37067136051<\/li><\/ul>","protected":false},"excerpt":{"rendered":"<p>Privatumo politika Paskutin\u012f kart\u0105 atnaujinta 2026-05-10 1. Privatumo politika \u0160ioje privatumo politikoje paai\u0161kinta, kas mes esame, kod\u0117l ir kaip mes renkame ir dirbame suasmenintus duomenis, ir teises, kurias turite kaip Vartotojas, kai pateikiate mums bet koki\u0105 asmenin\u0119 informacij\u0105, taip pat kaip galite susisiekti su mumis, jei jums reikia tai padaryti. Mes pasiliekame teis\u0119 atnaujinti ir [&hellip;]<\/p>\n","protected":false},"author":1,"featured_media":0,"parent":0,"menu_order":0,"comment_status":"closed","ping_status":"closed","template":"","meta":{"footnotes":""},"class_list":["post-295","page","type-page","status-publish","hentry"],"_hostinger_reach_plugin_has_subscription_block":false,"_hostinger_reach_plugin_is_elementor":false,"_links":{"self":[{"href":"https:\/\/www.jjkompiuteriai.lt\/en\/wp-json\/wp\/v2\/pages\/295","targetHints":{"allow":["GET"]}}],"collection":[{"href":"https:\/\/www.jjkompiuteriai.lt\/en\/wp-json\/wp\/v2\/pages"}],"about":[{"href":"https:\/\/www.jjkompiuteriai.lt\/en\/wp-json\/wp\/v2\/types\/page"}],"author":[{"embeddable":true,"href":"https:\/\/www.jjkompiuteriai.lt\/en\/wp-json\/wp\/v2\/users\/1"}],"replies":[{"embeddable":true,"href":"https:\/\/www.jjkompiuteriai.lt\/en\/wp-json\/wp\/v2\/comments?post=295"}],"version-history":[{"count":2,"href":"https:\/\/www.jjkompiuteriai.lt\/en\/wp-json\/wp\/v2\/pages\/295\/revisions"}],"predecessor-version":[{"id":299,"href":"https:\/\/www.jjkompiuteriai.lt\/en\/wp-json\/wp\/v2\/pages\/295\/revisions\/299"}],"wp:attachment":[{"href":"https:\/\/www.jjkompiuteriai.lt\/en\/wp-json\/wp\/v2\/media?parent=295"}],"curies":[{"name":"wp","href":"https:\/\/api.w.org\/{rel}","templated":true}]}}